{"id":129,"date":"2018-12-19T09:19:14","date_gmt":"2018-12-19T09:19:14","guid":{"rendered":"http:\/\/demo.snstheme.com\/wp\/bodycenter\/?page_id=129"},"modified":"2018-12-19T09:19:14","modified_gmt":"2018-12-19T09:19:14","slug":"contact-us","status":"publish","type":"page","link":"https:\/\/bahadirambalaj.com\/index.php\/contact-us\/","title":{"rendered":"Contact us"},"content":{"rendered":"<p>[vc_row css=&#8221;.vc_custom_1553353144295{margin-bottom: 40px !important;}&#8221;][vc_column css=&#8221;.vc_custom_1553352317641{padding-top: 20px !important;}&#8221; offset=&#8221;vc_col-lg-4 vc_col-md-4&#8243;][sns_info_box box_style=&#8221;2&#8243; icon_type=&#8221;flaticon&#8221; icon_flaticon=&#8221;flaticon-email&#8221; icon_font_size=&#8221;42px&#8221; max_width=&#8221;42px&#8221; link=&#8221;&#8221; title=&#8221;Email:&#8221;]contact@yourdomain.com[\/sns_info_box][\/vc_column][vc_column css=&#8221;.vc_custom_1553352328525{padding-top: 20px !important;}&#8221; offset=&#8221;vc_col-lg-4 vc_col-md-4&#8243;][sns_info_box box_style=&#8221;2&#8243; icon_type=&#8221;flaticon&#8221; icon_flaticon=&#8221;flaticon-call&#8221; icon_font_size=&#8221;42px&#8221; max_width=&#8221;42px&#8221; link=&#8221;&#8221; title=&#8221;Phone:&#8221;]+01 23 658 479 \/ +01 23 658 489[\/sns_info_box][\/vc_column][vc_column css=&#8221;.vc_custom_1553352337814{padding-top: 20px !important;}&#8221; offset=&#8221;vc_col-lg-4 vc_col-md-4&#8243;][sns_info_box box_style=&#8221;2&#8243; icon_type=&#8221;flaticon&#8221; icon_flaticon=&#8221;flaticon-placeholder&#8221; icon_font_size=&#8221;42px&#8221; max_width=&#8221;42px&#8221; link=&#8221;&#8221; title=&#8221;Address:&#8221;]Kensington, London SW7 2AZ, UK[\/sns_info_box][\/vc_column][\/vc_row][vc_row full_width=&#8221;stretch_row_content_no_spaces&#8221; css=&#8221;.vc_custom_1553338402679{margin-top: 20px !important;margin-bottom: 65px !important;border-top-width: 1px !important;border-bottom-width: 1px !important;border-top-color: #cccccc !important;border-top-style: solid !important;border-bottom-color: #cccccc !important;border-bottom-style: solid !important;}&#8221;][vc_column css=&#8221;.vc_custom_1553338078906{padding-top: 0px !important;}&#8221;][vc_gmaps link=&#8221;#E-8_JTNDaWZyYW1lJTIwc3JjJTNEJTIyaHR0cHMlM0ElMkYlMkZ3d3cuZ29vZ2xlLmNvbSUyRm1hcHMlMkZlbWJlZCUzRnBiJTNEJTIxMW0xNCUyMTFtOCUyMTFtMyUyMTFkMTIzMzguNjM0Njg0ODYwNTM3JTIxMmQtMC4xODc0MTYxODk3ODUzNTQ3NiUyMTNkNTEuNDk2NTgzNTcwMDE2NTIlMjEzbTIlMjExaTEwMjQlMjEyaTc2OCUyMTRmMTMuMSUyMTNtMyUyMTFtMiUyMTFzMHg0ODc2MDU2N2RhMjIwYTAxJTI1M0EweDMxOTExYjM3MWM2OTJlODYlMjEyc0ltcGVyaWFsJTJCQ29sbGVnZSUyQkxvbmRvbiUyMTVlMCUyMTNtMiUyMTFzZW4lMjEyc3VzJTIxNHYxNTUzMzM1NTU5MDI5JTIyJTIwd2lkdGglM0QlMjI2MDAlMjIlMjBoZWlnaHQlM0QlMjI0NTAlMjIlMjBmcmFtZWJvcmRlciUzRCUyMjAlMjIlMjBzdHlsZSUzRCUyMmJvcmRlciUzQTAlMjIlMjBhbGxvd2Z1bGxzY3JlZW4lM0UlM0MlMkZpZnJhbWUlM0U=&#8221; size=&#8221;650px&#8221; css=&#8221;.vc_custom_1553335576219{margin-bottom: 0px !important;}&#8221;][\/vc_column][\/vc_row][vc_row css=&#8221;.vc_custom_1553334570337{margin-top: -15px !important;margin-bottom: 100px !important;}&#8221;][vc_column offset=&#8221;vc_col-lg-offset-1 vc_col-lg-10 vc_col-md-offset-1 vc_col-md-10&#8243;][vc_custom_heading text=&#8221;Leave your message&#8221; font_container=&#8221;tag:h3|font_size:36px|text_align:center&#8221; use_theme_fonts=&#8221;yes&#8221; el_class=&#8221;second-font&#8221; css=&#8221;.vc_custom_1553339041102{margin-bottom: 5px !important;}&#8221;][vc_column_text css=&#8221;.vc_custom_1553336522385{margin-bottom: 40px !important;}&#8221;]<\/p>\n<p style=\"text-align: center;\">Send us a message, Lorem ipsum dolor sit amet, consectetur adipiscing elit<\/p>\n<p>[\/vc_column_text]<p class=\"wpcf7-contact-form-not-found\"><strong>Hata:<\/strong> \u0130leti\u015fim formu bulunamad\u0131.<\/p>[\/vc_column][\/vc_row]<\/p>\n","protected":false},"excerpt":{"rendered":"<p>[vc_row css=&#8221;.vc_custom_1553353144295{margin-bottom: 40px !important;}&#8221;][vc_column css=&#8221;.vc_custom_1553352317641{padding-top: 20px !important;}&#8221; offset=&#8221;vc_col-lg-4 vc_col-md-4&#8243;][sns_info_box box_style=&#8221;2&#8243; icon_type=&#8221;flaticon&#8221; icon_flaticon=&#8221;flaticon-email&#8221; icon_font_size=&#8221;42px&#8221; max_width=&#8221;42px&#8221; link=&#8221;&#8221; title=&#8221;Email:&#8221;]contact@yourdomain.com[\/sns_info_box][\/vc_column][vc_column css=&#8221;.vc_custom_1553352328525{padding-top: 20px !important;}&#8221; offset=&#8221;vc_col-lg-4 vc_col-md-4&#8243;][sns_info_box box_style=&#8221;2&#8243; icon_type=&#8221;flaticon&#8221; icon_flaticon=&#8221;flaticon-call&#8221; icon_font_size=&#8221;42px&#8221; max_width=&#8221;42px&#8221; link=&#8221;&#8221; title=&#8221;Phone:&#8221;]+01 23 658 479 \/ +01 23 658 489[\/sns_info_box][\/vc_column][vc_column css=&#8221;.vc_custom_1553352337814{padding-top: 20px !important;}&#8221; offset=&#8221;vc_col-lg-4 vc_col-md-4&#8243;][sns_info_box box_style=&#8221;2&#8243; icon_type=&#8221;flaticon&#8221; icon_flaticon=&#8221;flaticon-placeholder&#8221; icon_font_size=&#8221;42px&#8221; max_width=&#8221;42px&#8221; link=&#8221;&#8221; title=&#8221;Address:&#8221;]Kensington, London SW7 2AZ, UK[\/sns_info_box][\/vc_column][\/vc_row][vc_row full_width=&#8221;stretch_row_content_no_spaces&#8221; css=&#8221;.vc_custom_1553338402679{margin-top: 20px [&hellip;]<\/p>\n","protected":false},"author":1,"featured_media":0,"parent":0,"menu_order":0,"comment_status":"closed","ping_status":"closed","template":"","meta":{"footnotes":""},"class_list":["post-129","page","type-page","status-publish","hentry"],"_links":{"self":[{"href":"https:\/\/bahadirambalaj.com\/index.php\/wp-json\/wp\/v2\/pages\/129","targetHints":{"allow":["GET"]}}],"collection":[{"href":"https:\/\/bahadirambalaj.com\/index.php\/wp-json\/wp\/v2\/pages"}],"about":[{"href":"https:\/\/bahadirambalaj.com\/index.php\/wp-json\/wp\/v2\/types\/page"}],"author":[{"embeddable":true,"href":"https:\/\/bahadirambalaj.com\/index.php\/wp-json\/wp\/v2\/users\/1"}],"replies":[{"embeddable":true,"href":"https:\/\/bahadirambalaj.com\/index.php\/wp-json\/wp\/v2\/comments?post=129"}],"version-history":[{"count":0,"href":"https:\/\/bahadirambalaj.com\/index.php\/wp-json\/wp\/v2\/pages\/129\/revisions"}],"wp:attachment":[{"href":"https:\/\/bahadirambalaj.com\/index.php\/wp-json\/wp\/v2\/media?parent=129"}],"curies":[{"name":"wp","href":"https:\/\/api.w.org\/{rel}","templated":true}]}}