{"id":1869,"date":"2024-08-28T04:26:06","date_gmt":"2024-08-28T04:26:06","guid":{"rendered":"http:\/\/wallox-demo.local\/?page_id=1869"},"modified":"2025-10-09T09:29:06","modified_gmt":"2025-10-09T09:29:06","slug":"home-boxed-3","status":"publish","type":"page","link":"https:\/\/bahadirambalaj.com\/","title":{"rendered":"Home Boxed"},"content":{"rendered":"\t\t<div data-elementor-type=\"wp-page\" data-elementor-id=\"1869\" class=\"elementor elementor-1869\">\n\t\t\t\t<div class=\"elementor-element elementor-element-de26eaf e-con-full e-flex e-con e-parent\" data-id=\"de26eaf\" data-element_type=\"container\" data-e-type=\"container\">\n\t\t\t\t<div class=\"elementor-element elementor-element-824b5e3 elementor-widget elementor-widget-wallox-main-slider\" data-id=\"824b5e3\" data-element_type=\"widget\" data-e-type=\"widget\" data-widget_type=\"wallox-main-slider.default\">\n\t\t\t\t<div class=\"elementor-widget-container\">\n\t\t\t\t\t\t<section class=\"hero-three\">\r\n\t\t<div class=\"hero-three__carousel wallox-slick__carousel slick\" data-slick-options='{\r\n\t\t\t\"slidesToShow\": 1,\r\n\t\t\t\"slidesToScroll\": 1,\r\n\t\t\t\"fade\": true,\r\n\t\t\t\"asNavFor\": \".hero-three__counter__carousel\",\r\n\t\t\t\"autoplay\": true,\r\n\t\t\t\"autoplaySpeed\": 2000,\r\n\t\t\t\"speed\": 4000,\r\n\t\t\t\"infinite\":  true,\r\n\t\t\t\"dots\": true\t\r\n\t\t\t}'>\r\n\t\t\t\t\t\t<div class=\"item\">\r\n\t\t\t\t<div class=\"hero-three__item\">\r\n\t\t\t\t\t<div class=\"hero-three__bg\" style=\"background-image: url(https:\/\/bahadirambalaj.com\/wp-content\/uploads\/2025\/07\/slayt.jpg);\"><\/div>\r\n\t\t\t\t\t<div class=\"container\">\r\n\t\t\t\t\t\t<div class=\"row\">\r\n\t\t\t\t\t\t\t<div class=\"col-12\">\r\n\t\t\t\t\t\t\t\t<div class=\"hero-three__content text-center\">\r\n\t\t\t\t\t\t\t\t\t<h5 class=\"hero-three__sub-title\">\r\n\t\t\t\t\t\t\t\t\t\t1. Kalite Parf\u00fcm Kokularla\t\t\t\t\t\t\t\t\t<\/h5>\r\n\t\t\t\t\t\t\t\t\t<h2 class=\"hero-three__title\">\r\n\t\t\t\t\t\t\t\t\t\tY\u00fcksek kaliteli <br> \u0131slak Mendil\t\t\t\t\t\t\t\t\t<\/h2>\r\n\t\t\t\t\t\t\t\t\t<div class=\"hero-three__btn\">\r\n\t\t\t\t\t\t\t\t\t\t\t\t\t\t\t\t\t\t\t\t\t\t\t\t\t\t\t\t\t<\/div>\r\n\t\t\t\t\t\t\t\t<\/div>\r\n\t\t\t\t\t\t\t<\/div>\r\n\t\t\t\t\t\t<\/div>\r\n\t\t\t\t\t<\/div>\r\n\t\t\t\t<\/div>\r\n\t\t\t<\/div>\r\n\t\t\t\t\t\t<div class=\"item\">\r\n\t\t\t\t<div class=\"hero-three__item\">\r\n\t\t\t\t\t<div class=\"hero-three__bg\" style=\"background-image: url(https:\/\/bahadirambalaj.com\/wp-content\/uploads\/2025\/07\/slayt-2.jpg);\"><\/div>\r\n\t\t\t\t\t<div class=\"container\">\r\n\t\t\t\t\t\t<div class=\"row\">\r\n\t\t\t\t\t\t\t<div class=\"col-12\">\r\n\t\t\t\t\t\t\t\t<div class=\"hero-three__content text-center\">\r\n\t\t\t\t\t\t\t\t\t<h5 class=\"hero-three__sub-title\">\r\n\t\t\t\t\t\t\t\t\t\t\u0130stedi\u011finiz Oz \u00d6l\u00e7\u00fclerde\t\t\t\t\t\t\t\t\t<\/h5>\r\n\t\t\t\t\t\t\t\t\t<h2 class=\"hero-three__title\">\r\n\t\t\t\t\t\t\t\t\t\tD\u00f6ner Box <br> \u00dcretimi\t\t\t\t\t\t\t\t\t<\/h2>\r\n\t\t\t\t\t\t\t\t\t<div class=\"hero-three__btn\">\r\n\t\t\t\t\t\t\t\t\t\t\t\t\t\t\t\t\t\t\t\t\t\t\t\t\t\t\t\t\t<\/div>\r\n\t\t\t\t\t\t\t\t<\/div>\r\n\t\t\t\t\t\t\t<\/div>\r\n\t\t\t\t\t\t<\/div>\r\n\t\t\t\t\t<\/div>\r\n\t\t\t\t<\/div>\r\n\t\t\t<\/div>\r\n\t\t\t\t\t<\/div>\r\n\t\t<div class=\"hero-three__counter__carousel wallox-slick__carousel slick\" data-slick-options='{\r\n\t\t\t\t\"slidesToShow\": 3,\r\n\t\t\t\t\"autoplay\": true,\r\n\t\t\t\t\"autoplaySpeed\": 4000,\r\n\t\t\t\t\"asNavFor\": \".hero-three__carousel\",\r\n\t\t\t\t\"speed\": 2000,\r\n\t\t\t\t\"infinite\": true,\r\n\t\t\t\t\"dots\": false\r\n\r\n\t\t\t}'>\r\n\t\t\t\t\t\t\t<div class=\"hero-three__counter__item\">\r\n\t\t\t\t\t<span>\r\n\t\t\t\t\t\t01\t\t\t\t\t<\/span>\r\n\t\t\t\t<\/div>\r\n\t\t\t\t\t\t\t<div class=\"hero-three__counter__item\">\r\n\t\t\t\t\t<span>\r\n\t\t\t\t\t\t02\t\t\t\t\t<\/span>\r\n\t\t\t\t<\/div>\r\n\t\t\t\t\t<\/div>\r\n\t<\/section>\r\n\t\t\t\t<\/div>\n\t\t\t\t<\/div>\n\t\t\t\t<\/div>\n\t\t<div class=\"elementor-element elementor-element-7f45937 e-flex e-con-boxed e-con e-parent\" data-id=\"7f45937\" data-element_type=\"container\" data-e-type=\"container\">\n\t\t\t\t\t<div class=\"e-con-inner\">\n\t\t\t\t<div class=\"elementor-element elementor-element-c851081 elementor-widget-divider--view-line elementor-widget elementor-widget-divider\" data-id=\"c851081\" data-element_type=\"widget\" data-e-type=\"widget\" data-widget_type=\"divider.default\">\n\t\t\t\t\t\t\t<div class=\"elementor-divider\">\n\t\t\t<span class=\"elementor-divider-separator\">\n\t\t\t\t\t\t<\/span>\n\t\t<\/div>\n\t\t\t\t\t\t<\/div>\n\t\t\t\t\t<\/div>\n\t\t\t\t<\/div>\n\t\t<div class=\"elementor-element elementor-element-b97695c e-con-full e-flex e-con e-parent\" data-id=\"b97695c\" data-element_type=\"container\" data-e-type=\"container\">\n\t\t\t\t<div class=\"elementor-element elementor-element-25129b9 elementor-widget elementor-widget-wallox-service\" data-id=\"25129b9\" data-element_type=\"widget\" data-e-type=\"widget\" data-widget_type=\"wallox-service.default\">\n\t\t\t\t<div class=\"elementor-widget-container\">\n\t\t\t\t\t\t<section class=\"service-three\">\r\n\t\t<div class=\"service-three__bg\" style=\"background-image: url(https:\/\/bahadirambalaj.com\/wp-content\/uploads\/2024\/08\/service-bg-3-1.png);\"><\/div>\r\n\t\t<div class=\"service-three__text-slider\">\r\n\t\t\t<div class=\"service-three__text-slider__inner\">\r\n\t\t\t\t\t\t\t\t\t<div class=\"service-three__text-slider__item\">\r\n\t\t\t\t\t\t<img decoding=\"async\" src=\"https:\/\/bahadirambalaj.com\/wp-content\/uploads\/2024\/08\/portal.png\" alt=\"portal\" title=\"portal\" > \r\n\t\t\t\t\t\tIslak Mendil\t\t\t\t\t<\/div>\r\n\t\t\t\t\t\t\t\t\t<div class=\"service-three__text-slider__item\">\r\n\t\t\t\t\t\t<img decoding=\"async\" src=\"https:\/\/bahadirambalaj.com\/wp-content\/uploads\/2024\/08\/portal.png\" alt=\"portal\" title=\"portal\" > \r\n\t\t\t\t\t\tD\u00f6ner Box\t\t\t\t\t<\/div>\r\n\t\t\t\t\t\t\t\t\t<div class=\"service-three__text-slider__item\">\r\n\t\t\t\t\t\t<img decoding=\"async\" src=\"https:\/\/bahadirambalaj.com\/wp-content\/uploads\/2024\/08\/portal.png\" alt=\"portal\" title=\"portal\" > \r\n\t\t\t\t\t\tKa\u011f\u0131t \u00c7anta\t\t\t\t\t<\/div>\r\n\t\t\t\t\t\t\t\t\t<div class=\"service-three__text-slider__item\">\r\n\t\t\t\t\t\t<img decoding=\"async\" src=\"https:\/\/bahadirambalaj.com\/wp-content\/uploads\/2024\/08\/portal.png\" alt=\"portal\" title=\"portal\" > \r\n\t\t\t\t\t\tChop Stick\t\t\t\t\t<\/div>\r\n\t\t\t\t\t\t\t\t\t<div class=\"service-three__text-slider__item\">\r\n\t\t\t\t\t\t<img decoding=\"async\" src=\"https:\/\/bahadirambalaj.com\/wp-content\/uploads\/2024\/08\/portal.png\" alt=\"portal\" title=\"portal\" > \r\n\t\t\t\t\t\t\u00c7atal B\u0131\u00e7ak K\u0131l\u0131f\u0131\t\t\t\t\t<\/div>\r\n\t\t\t\t\t\t\t\t\t<div class=\"service-three__text-slider__item\">\r\n\t\t\t\t\t\t<img decoding=\"async\" src=\"https:\/\/bahadirambalaj.com\/wp-content\/uploads\/2024\/08\/portal.png\" alt=\"portal\" title=\"portal\" > \r\n\t\t\t\t\t\t\u015eeker\t\t\t\t\t<\/div>\r\n\t\t\t\t\t\t\t\t\t<div class=\"service-three__text-slider__item\">\r\n\t\t\t\t\t\t<img decoding=\"async\" src=\"https:\/\/bahadirambalaj.com\/wp-content\/uploads\/2024\/08\/portal.png\" alt=\"portal\" title=\"portal\" > \r\n\t\t\t\t\t\tYemek Seti\t\t\t\t\t<\/div>\r\n\t\t\t\t\t\t\t\t\t<div class=\"service-three__text-slider__item\">\r\n\t\t\t\t\t\t<img decoding=\"async\" src=\"https:\/\/bahadirambalaj.com\/wp-content\/uploads\/2024\/08\/portal.png\" alt=\"portal\" title=\"portal\" > \r\n\t\t\t\t\t\t\u00c7i\u00e7ekli Mendil\t\t\t\t\t<\/div>\r\n\t\t\t\t\t\t\t\t\t<div class=\"service-three__text-slider__item\">\r\n\t\t\t\t\t\t<img decoding=\"async\" src=\"https:\/\/bahadirambalaj.com\/wp-content\/uploads\/2024\/08\/portal.png\" alt=\"portal\" title=\"portal\" > \r\n\t\t\t\t\t\tStickers\t\t\t\t\t<\/div>\r\n\t\t\t\t\t\t\t<\/div>\r\n\t\t<\/div>\r\n\t\t<div class=\"container\">\r\n\t\t\t\r\n\t\t\t<div class=\"service-three__top\">\r\n\t\t\t\t<div class=\"row align-items-end\">\r\n\t\t\t\t\t<div class=\"col-lg-8\">\r\n\t\t\t\t\t\t<div class=\"sec-title\">\r\n\t\t\t\t\t\t\t<div class=\"d-flex align-items-center justify-content-start\">\r\n\t\t\t\t\t\t\t\t<img decoding=\"async\" src=\"https:\/\/bahadirambalaj.com\/wp-content\/uploads\/2024\/08\/sec-title-s-3.png\" alt=\"sec-title-s-3\" title=\"sec-title-s-3\" class=\"sec-title__image\" > \r\n\t\t\t\t\t\t\t\t<h6 class=\"sec-title__tagline bw-split-in-right\">\r\n\t\t\t\t\t\t\t\t\tBahad\u0131r Ambalaj Fark\u0131yla\t\t\t\t\t\t\t\t<\/h6>\r\n\t\t\t\t\t\t\t<\/div>\r\n\t\t\t\t\t\t\t<h3 class=\"sec-title__title bw-split-in-up\">\r\n\t\t\t\t\t\t\t\t\u00dcr\u00fcnlerimiz\t\t\t\t\t\t\t<\/h3>\r\n\t\t\t\t\t\t<\/div>\r\n\t\t\t\t\t<\/div>\r\n\t\t\t\t\t<div class=\"col-lg-4\">\r\n\t\t\t\t\t\t<div class=\"service-three__top__btn\">\r\n\t\t\t\t\t\t\t<a href=\"https:\/\/bahadirambalaj.com\/index.php\/urunlerimiz\/\" class=\"wallox-btn wallox-btn--border\">\r\n\t\t\t\t\t\t\t\tT\u00fcm \u00dcr\u00fcnleri G\u00f6r\u00fcnt\u00fcle\t\t\t\t\t\t\t<\/a>\r\n\t\t\t\t\t\t<\/div>\r\n\t\t\t\t\t<\/div>\r\n\t\t\t\t<\/div>\r\n\t\t\t<\/div>\r\n\r\n\t\t\t<div class=\"row gutter-y-30\">\r\n\t\t\t\t\t\t\t\t\t<div class=\"col-lg-6\">\r\n\t\t\t\t\t\t<div class=\"service-three__item wow fadeInUp\" data-wow-duration='1500ms' data-wow-delay='100ms'>\r\n\t\t\t\t\t\t\t<div class=\"service-three__thumb\">\r\n\t\t\t\t\t\t\t\t<img decoding=\"async\" src=\"https:\/\/bahadirambalaj.com\/wp-content\/uploads\/2025\/07\/Brown-Aesthetic-Skincare-Product-Features-Instagram-Portrait-Post-6.jpg\" alt=\"Brown Aesthetic Skincare Product Features Instagram Portrait Post\" title=\"Brown Aesthetic Skincare Product Features Instagram Portrait Post\" > \r\n\t\t\t\t\t\t\t<\/div>\r\n\t\t\t\t\t\t\t<div class=\"service-three__content\">\r\n\t\t\t\t\t\t\t\t<div class=\"service-three__content__left\">\r\n\t\t\t\t\t\t\t\t\t<span class=\"service-three__content__number\"><\/span>\r\n\t\t\t\t\t\t\t\t\t<h4 class=\"service-three__content__title\">\r\n\t\t\t\t\t\t\t\t\t\t<a href=\"https:\/\/bahadirambalaj.com\/index.php\/islak-mendil\/\">\r\n\t\t\t\t\t\t\t\t\t\t\tIslak Mendil\t\t\t\t\t\t\t\t\t\t<\/a>\r\n\t\t\t\t\t\t\t\t\t<\/h4>\r\n\t\t\t\t\t\t\t\t<\/div>\r\n\t\t\t\t\t\t\t\t<div class=\"service-three__content__right\">\r\n\t\t\t\t\t\t\t\t\t<a href=\"https:\/\/bahadirambalaj.com\/index.php\/islak-mendil\/\" class=\"wallox-btn wallox-btn--border\">\r\n\t\t\t\t\t\t\t\t\t\tDetay\t\t\t\t\t\t\t\t\t<\/a>\r\n\t\t\t\t\t\t\t\t<\/div>\r\n\t\t\t\t\t\t\t<\/div>\r\n\t\t\t\t\t\t<\/div>\r\n\t\t\t\t\t<\/div>\r\n\t\t\t\t\t\t\t\t\t<div class=\"col-lg-6\">\r\n\t\t\t\t\t\t<div class=\"service-three__item wow fadeInUp\" data-wow-duration='1500ms' data-wow-delay='100ms'>\r\n\t\t\t\t\t\t\t<div class=\"service-three__thumb\">\r\n\t\t\t\t\t\t\t\t<img decoding=\"async\" src=\"https:\/\/bahadirambalaj.com\/wp-content\/uploads\/2025\/07\/Brown-Aesthetic-Skincare-Product-Features-Instagram-Portrait-Post-5.jpg\" alt=\"Brown Aesthetic Skincare Product Features Instagram Portrait Post\" title=\"Brown Aesthetic Skincare Product Features Instagram Portrait Post\" > \r\n\t\t\t\t\t\t\t<\/div>\r\n\t\t\t\t\t\t\t<div class=\"service-three__content\">\r\n\t\t\t\t\t\t\t\t<div class=\"service-three__content__left\">\r\n\t\t\t\t\t\t\t\t\t<span class=\"service-three__content__number\"><\/span>\r\n\t\t\t\t\t\t\t\t\t<h4 class=\"service-three__content__title\">\r\n\t\t\t\t\t\t\t\t\t\t<a href=\"https:\/\/bahadirambalaj.com\/index.php\/kagit-canta\/\">\r\n\t\t\t\t\t\t\t\t\t\t\t\u00c7anta\t\t\t\t\t\t\t\t\t\t<\/a>\r\n\t\t\t\t\t\t\t\t\t<\/h4>\r\n\t\t\t\t\t\t\t\t<\/div>\r\n\t\t\t\t\t\t\t\t<div class=\"service-three__content__right\">\r\n\t\t\t\t\t\t\t\t\t<a href=\"https:\/\/bahadirambalaj.com\/index.php\/kagit-canta\/\" class=\"wallox-btn wallox-btn--border\">\r\n\t\t\t\t\t\t\t\t\t\tDetay\t\t\t\t\t\t\t\t\t<\/a>\r\n\t\t\t\t\t\t\t\t<\/div>\r\n\t\t\t\t\t\t\t<\/div>\r\n\t\t\t\t\t\t<\/div>\r\n\t\t\t\t\t<\/div>\r\n\t\t\t\t\t\t\t\t\t<div class=\"col-lg-6\">\r\n\t\t\t\t\t\t<div class=\"service-three__item wow fadeInUp\" data-wow-duration='1500ms' data-wow-delay='100ms'>\r\n\t\t\t\t\t\t\t<div class=\"service-three__thumb\">\r\n\t\t\t\t\t\t\t\t<img decoding=\"async\" src=\"https:\/\/bahadirambalaj.com\/wp-content\/uploads\/2025\/07\/Brown-Aesthetic-Skincare-Product-Features-Instagram-Portrait-Post-7.jpg\" alt=\"Brown Aesthetic Skincare Product Features Instagram Portrait Post\" title=\"Brown Aesthetic Skincare Product Features Instagram Portrait Post\" > \r\n\t\t\t\t\t\t\t<\/div>\r\n\t\t\t\t\t\t\t<div class=\"service-three__content\">\r\n\t\t\t\t\t\t\t\t<div class=\"service-three__content__left\">\r\n\t\t\t\t\t\t\t\t\t<span class=\"service-three__content__number\"><\/span>\r\n\t\t\t\t\t\t\t\t\t<h4 class=\"service-three__content__title\">\r\n\t\t\t\t\t\t\t\t\t\t<a href=\"https:\/\/bahadirambalaj.com\/index.php\/chop-stick\/\">\r\n\t\t\t\t\t\t\t\t\t\t\tChop Stick\t\t\t\t\t\t\t\t\t\t<\/a>\r\n\t\t\t\t\t\t\t\t\t<\/h4>\r\n\t\t\t\t\t\t\t\t<\/div>\r\n\t\t\t\t\t\t\t\t<div class=\"service-three__content__right\">\r\n\t\t\t\t\t\t\t\t\t<a href=\"https:\/\/bahadirambalaj.com\/index.php\/chop-stick\/\" class=\"wallox-btn wallox-btn--border\">\r\n\t\t\t\t\t\t\t\t\t\tDetay\t\t\t\t\t\t\t\t\t<\/a>\r\n\t\t\t\t\t\t\t\t<\/div>\r\n\t\t\t\t\t\t\t<\/div>\r\n\t\t\t\t\t\t<\/div>\r\n\t\t\t\t\t<\/div>\r\n\t\t\t\t\t\t\t\t\t<div class=\"col-lg-6\">\r\n\t\t\t\t\t\t<div class=\"service-three__item wow fadeInUp\" data-wow-duration='1500ms' data-wow-delay='100ms'>\r\n\t\t\t\t\t\t\t<div class=\"service-three__thumb\">\r\n\t\t\t\t\t\t\t\t<img decoding=\"async\" src=\"https:\/\/bahadirambalaj.com\/wp-content\/uploads\/2025\/07\/Brown-Aesthetic-Skincare-Product-Features-Instagram-Portrait-Post-8.jpg\" alt=\"Brown Aesthetic Skincare Product Features Instagram Portrait Post\" title=\"Brown Aesthetic Skincare Product Features Instagram Portrait Post\" > \r\n\t\t\t\t\t\t\t<\/div>\r\n\t\t\t\t\t\t\t<div class=\"service-three__content\">\r\n\t\t\t\t\t\t\t\t<div class=\"service-three__content__left\">\r\n\t\t\t\t\t\t\t\t\t<span class=\"service-three__content__number\"><\/span>\r\n\t\t\t\t\t\t\t\t\t<h4 class=\"service-three__content__title\">\r\n\t\t\t\t\t\t\t\t\t\t<a href=\"https:\/\/bahadirambalaj.com\/index.php\/doner-box\/\">\r\n\t\t\t\t\t\t\t\t\t\t\tD\u00f6ner Box\t\t\t\t\t\t\t\t\t\t<\/a>\r\n\t\t\t\t\t\t\t\t\t<\/h4>\r\n\t\t\t\t\t\t\t\t<\/div>\r\n\t\t\t\t\t\t\t\t<div class=\"service-three__content__right\">\r\n\t\t\t\t\t\t\t\t\t<a href=\"https:\/\/bahadirambalaj.com\/index.php\/doner-box\/\" class=\"wallox-btn wallox-btn--border\">\r\n\t\t\t\t\t\t\t\t\t\tDetay\t\t\t\t\t\t\t\t\t<\/a>\r\n\t\t\t\t\t\t\t\t<\/div>\r\n\t\t\t\t\t\t\t<\/div>\r\n\t\t\t\t\t\t<\/div>\r\n\t\t\t\t\t<\/div>\r\n\t\t\t\t\t\t\t<\/div>\r\n\t\t<\/div>\r\n\t<\/section>\r\n\t\t\t\t<\/div>\n\t\t\t\t<\/div>\n\t\t\t\t<\/div>\n\t\t\t\t<\/div>\n\t\t","protected":false},"excerpt":{"rendered":"<p>1. Kalite Parf\u00fcm Kokularla Y\u00fcksek kaliteli \u0131slak Mendil \u0130stedi\u011finiz Oz \u00d6l\u00e7\u00fclerde D\u00f6ner Box \u00dcretimi 01 02 Islak Mendil D\u00f6ner Box Ka\u011f\u0131t \u00c7anta Chop Stick \u00c7atal B\u0131\u00e7ak K\u0131l\u0131f\u0131 \u015eeker Yemek Seti \u00c7i\u00e7ekli Mendil Stickers Bahad\u0131r Ambalaj Fark\u0131yla \u00dcr\u00fcnlerimiz T\u00fcm \u00dcr\u00fcnleri G\u00f6r\u00fcnt\u00fcle Islak Mendil Detay \u00c7anta Detay Chop Stick Detay D\u00f6ner Box Detay<\/p>\n","protected":false},"author":1,"featured_media":0,"parent":0,"menu_order":0,"comment_status":"closed","ping_status":"closed","template":"elementor_header_footer","meta":{"footnotes":""},"class_list":["post-1869","page","type-page","status-publish","hentry"],"_links":{"self":[{"href":"https:\/\/bahadirambalaj.com\/index.php\/wp-json\/wp\/v2\/pages\/1869","targetHints":{"allow":["GET"]}}],"collection":[{"href":"https:\/\/bahadirambalaj.com\/index.php\/wp-json\/wp\/v2\/pages"}],"about":[{"href":"https:\/\/bahadirambalaj.com\/index.php\/wp-json\/wp\/v2\/types\/page"}],"author":[{"embeddable":true,"href":"https:\/\/bahadirambalaj.com\/index.php\/wp-json\/wp\/v2\/users\/1"}],"replies":[{"embeddable":true,"href":"https:\/\/bahadirambalaj.com\/index.php\/wp-json\/wp\/v2\/comments?post=1869"}],"version-history":[{"count":28,"href":"https:\/\/bahadirambalaj.com\/index.php\/wp-json\/wp\/v2\/pages\/1869\/revisions"}],"predecessor-version":[{"id":2280,"href":"https:\/\/bahadirambalaj.com\/index.php\/wp-json\/wp\/v2\/pages\/1869\/revisions\/2280"}],"wp:attachment":[{"href":"https:\/\/bahadirambalaj.com\/index.php\/wp-json\/wp\/v2\/media?parent=1869"}],"curies":[{"name":"wp","href":"https:\/\/api.w.org\/{rel}","templated":true}]}}