{"id":1979,"date":"2024-08-11T06:02:54","date_gmt":"2024-08-11T06:02:54","guid":{"rendered":"http:\/\/wallox-demo.local\/?page_id=60"},"modified":"2025-07-28T12:48:30","modified_gmt":"2025-07-28T12:48:30","slug":"urunlerimiz","status":"publish","type":"page","link":"https:\/\/bahadirambalaj.com\/index.php\/urunlerimiz\/","title":{"rendered":"\u00dcr\u00fcnlerimiz"},"content":{"rendered":"\t\t<div data-elementor-type=\"wp-page\" data-elementor-id=\"1979\" class=\"elementor elementor-1979\">\n\t\t\t\t<div class=\"elementor-element elementor-element-561ca0a e-con-full e-flex e-con e-parent\" data-id=\"561ca0a\" data-element_type=\"container\" data-e-type=\"container\">\n\t\t\t\t<div class=\"elementor-element elementor-element-7c9dc41 elementor-widget elementor-widget-wallox-project\" data-id=\"7c9dc41\" data-element_type=\"widget\" data-e-type=\"widget\" data-widget_type=\"wallox-project.default\">\n\t\t\t\t<div class=\"elementor-widget-container\">\n\t\t\t\t\t\t<!-- Project section start -->\r\n\t<section class=\"project-page s-pt-0\">\r\n\t\t<div class=\"container\">\r\n\t\t\t<div class=\"row gutter-y-20 gutter-x-20\">\r\n\t\t\t\t\t\t\t\t\t<div class=\"col-lg-4 col-md-6\">\r\n\t\t\t\t\t\t<div class=\"project-card wow fadeInUp\" data-wow-duration='00ms' data-wow-delay='00ms'>\r\n\t\t\t\t\t\t\t<div class=\"project-card__thumb\">\r\n\t\t\t\t\t\t\t\t<img decoding=\"async\" src=\"https:\/\/bahadirambalaj.com\/wp-content\/uploads\/2025\/07\/Brown-Aesthetic-Skincare-Product-Features-Instagram-Portrait-Post-1.jpg\" alt=\"Brown Aesthetic Skincare Product Features Instagram Portrait Post\" title=\"Brown Aesthetic Skincare Product Features Instagram Portrait Post\" >\t\t\t\t\t\t\t<\/div>\r\n\t\t\t\t\t\t\t<div class=\"project-card__content\">\r\n\t\t\t\t\t\t\t\t<div class=\"project-card__content__inner\">\r\n\t\t\t\t\t\t\t\t\t<span class=\"project-card__content__subtitle\">\u00dcr\u00fcnlerimiz<\/span>\r\n\t\t\t\t\t\t\t\t\t<h4 class=\"project-card__content__title\">\r\n\t\t\t\t\t\t\t\t\t\t<a href=\"https:\/\/bahadirambalaj.com\/index.php\/islak-mendil\/\">Islak Mendil<\/a>\r\n\t\t\t\t\t\t\t\t\t<\/h4>\r\n\t\t\t\t\t\t\t\t<\/div>\r\n\t\t\t\t\t\t\t\t<a href=\"https:\/\/bahadirambalaj.com\/index.php\/islak-mendil\/\" class=\"project-card__content__link\">\r\n\t\t\t\t\t\t\t\t\t<i aria-hidden=\"true\" class=\" icon-up-right-arrow\"><\/i>\t\t\t\t\t\t\t\t<\/a>\r\n\t\t\t\t\t\t\t<\/div>\r\n\t\t\t\t\t\t<\/div>\r\n\t\t\t\t\t<\/div>\r\n\t\t\t\t\t\t\t\t\t<div class=\"col-lg-4 col-md-6\">\r\n\t\t\t\t\t\t<div class=\"project-card wow fadeInUp\" data-wow-duration='00ms' data-wow-delay='00ms'>\r\n\t\t\t\t\t\t\t<div class=\"project-card__thumb\">\r\n\t\t\t\t\t\t\t\t<img decoding=\"async\" src=\"https:\/\/bahadirambalaj.com\/wp-content\/uploads\/2025\/07\/Brown-Aesthetic-Skincare-Product-Features-Instagram-Portrait-Post-3.jpg\" alt=\"Brown Aesthetic Skincare Product Features Instagram Portrait Post\" title=\"Brown Aesthetic Skincare Product Features Instagram Portrait Post\" >\t\t\t\t\t\t\t<\/div>\r\n\t\t\t\t\t\t\t<div class=\"project-card__content\">\r\n\t\t\t\t\t\t\t\t<div class=\"project-card__content__inner\">\r\n\t\t\t\t\t\t\t\t\t<span class=\"project-card__content__subtitle\">\u00dcr\u00fcnlerimiz<\/span>\r\n\t\t\t\t\t\t\t\t\t<h4 class=\"project-card__content__title\">\r\n\t\t\t\t\t\t\t\t\t\t<a href=\"https:\/\/bahadirambalaj.com\/index.php\/chop-stick\/\">Chop Stick<\/a>\r\n\t\t\t\t\t\t\t\t\t<\/h4>\r\n\t\t\t\t\t\t\t\t<\/div>\r\n\t\t\t\t\t\t\t\t<a href=\"https:\/\/bahadirambalaj.com\/index.php\/chop-stick\/\" class=\"project-card__content__link\">\r\n\t\t\t\t\t\t\t\t\t<i aria-hidden=\"true\" class=\" icon-up-right-arrow\"><\/i>\t\t\t\t\t\t\t\t<\/a>\r\n\t\t\t\t\t\t\t<\/div>\r\n\t\t\t\t\t\t<\/div>\r\n\t\t\t\t\t<\/div>\r\n\t\t\t\t\t\t\t\t\t<div class=\"col-lg-4 col-md-6\">\r\n\t\t\t\t\t\t<div class=\"project-card wow fadeInUp\" data-wow-duration='00ms' data-wow-delay='00ms'>\r\n\t\t\t\t\t\t\t<div class=\"project-card__thumb\">\r\n\t\t\t\t\t\t\t\t<img decoding=\"async\" src=\"https:\/\/bahadirambalaj.com\/wp-content\/uploads\/2025\/07\/Brown-Aesthetic-Skincare-Product-Features-Instagram-Portrait-Post-4.jpg\" alt=\"Brown Aesthetic Skincare Product Features Instagram Portrait Post\" title=\"Brown Aesthetic Skincare Product Features Instagram Portrait Post\" >\t\t\t\t\t\t\t<\/div>\r\n\t\t\t\t\t\t\t<div class=\"project-card__content\">\r\n\t\t\t\t\t\t\t\t<div class=\"project-card__content__inner\">\r\n\t\t\t\t\t\t\t\t\t<span class=\"project-card__content__subtitle\">\u00dcr\u00fcnlerimiz<\/span>\r\n\t\t\t\t\t\t\t\t\t<h4 class=\"project-card__content__title\">\r\n\t\t\t\t\t\t\t\t\t\t<a href=\"https:\/\/bahadirambalaj.com\/index.php\/kagit-canta\/\">Ka\u011f\u0131t \u00c7anta<\/a>\r\n\t\t\t\t\t\t\t\t\t<\/h4>\r\n\t\t\t\t\t\t\t\t<\/div>\r\n\t\t\t\t\t\t\t\t<a href=\"https:\/\/bahadirambalaj.com\/index.php\/kagit-canta\/\" class=\"project-card__content__link\">\r\n\t\t\t\t\t\t\t\t\t<i aria-hidden=\"true\" class=\" icon-up-right-arrow\"><\/i>\t\t\t\t\t\t\t\t<\/a>\r\n\t\t\t\t\t\t\t<\/div>\r\n\t\t\t\t\t\t<\/div>\r\n\t\t\t\t\t<\/div>\r\n\t\t\t\t\t\t\t\t\t<div class=\"col-lg-4 col-md-6\">\r\n\t\t\t\t\t\t<div class=\"project-card wow fadeInUp\" data-wow-duration='00ms' data-wow-delay='00ms'>\r\n\t\t\t\t\t\t\t<div class=\"project-card__thumb\">\r\n\t\t\t\t\t\t\t\t<img decoding=\"async\" src=\"https:\/\/bahadirambalaj.com\/wp-content\/uploads\/2025\/07\/Brown-Aesthetic-Skincare-Product-Features-Instagram-Portrait-Post-9.jpg\" alt=\"Brown Aesthetic Skincare Product Features Instagram Portrait Post\" title=\"Brown Aesthetic Skincare Product Features Instagram Portrait Post\" >\t\t\t\t\t\t\t<\/div>\r\n\t\t\t\t\t\t\t<div class=\"project-card__content\">\r\n\t\t\t\t\t\t\t\t<div class=\"project-card__content__inner\">\r\n\t\t\t\t\t\t\t\t\t<span class=\"project-card__content__subtitle\">\u00dcr\u00fcnlerimiz<\/span>\r\n\t\t\t\t\t\t\t\t\t<h4 class=\"project-card__content__title\">\r\n\t\t\t\t\t\t\t\t\t\t<a href=\"https:\/\/bahadirambalaj.com\/index.php\/doner-box\/\">D\u00f6ner Box<\/a>\r\n\t\t\t\t\t\t\t\t\t<\/h4>\r\n\t\t\t\t\t\t\t\t<\/div>\r\n\t\t\t\t\t\t\t\t<a href=\"https:\/\/bahadirambalaj.com\/index.php\/doner-box\/\" class=\"project-card__content__link\">\r\n\t\t\t\t\t\t\t\t\t<i aria-hidden=\"true\" class=\" icon-up-right-arrow\"><\/i>\t\t\t\t\t\t\t\t<\/a>\r\n\t\t\t\t\t\t\t<\/div>\r\n\t\t\t\t\t\t<\/div>\r\n\t\t\t\t\t<\/div>\r\n\t\t\t\t\t\t\t\t\t<div class=\"col-lg-4 col-md-6\">\r\n\t\t\t\t\t\t<div class=\"project-card wow fadeInUp\" data-wow-duration='00ms' data-wow-delay='00ms'>\r\n\t\t\t\t\t\t\t<div class=\"project-card__thumb\">\r\n\t\t\t\t\t\t\t\t<img decoding=\"async\" src=\"https:\/\/bahadirambalaj.com\/wp-content\/uploads\/2025\/07\/Brown-Aesthetic-Skincare-Product-Features-Instagram-Portrait-Post-10.jpg\" alt=\"Brown Aesthetic Skincare Product Features Instagram Portrait Post\" title=\"Brown Aesthetic Skincare Product Features Instagram Portrait Post\" >\t\t\t\t\t\t\t<\/div>\r\n\t\t\t\t\t\t\t<div class=\"project-card__content\">\r\n\t\t\t\t\t\t\t\t<div class=\"project-card__content__inner\">\r\n\t\t\t\t\t\t\t\t\t<span class=\"project-card__content__subtitle\">\u00dcr\u00fcnlerimiz<\/span>\r\n\t\t\t\t\t\t\t\t\t<h4 class=\"project-card__content__title\">\r\n\t\t\t\t\t\t\t\t\t\t<a href=\"https:\/\/bahadirambalaj.com\/index.php\/cicekli-mendil\/\">\u00c7i\u00e7ekli Mendil<\/a>\r\n\t\t\t\t\t\t\t\t\t<\/h4>\r\n\t\t\t\t\t\t\t\t<\/div>\r\n\t\t\t\t\t\t\t\t<a href=\"https:\/\/bahadirambalaj.com\/index.php\/cicekli-mendil\/\" class=\"project-card__content__link\">\r\n\t\t\t\t\t\t\t\t\t<i aria-hidden=\"true\" class=\" icon-up-right-arrow\"><\/i>\t\t\t\t\t\t\t\t<\/a>\r\n\t\t\t\t\t\t\t<\/div>\r\n\t\t\t\t\t\t<\/div>\r\n\t\t\t\t\t<\/div>\r\n\t\t\t\t\t\t\t\t\t<div class=\"col-lg-4 col-md-6\">\r\n\t\t\t\t\t\t<div class=\"project-card wow fadeInUp\" data-wow-duration='00ms' data-wow-delay='00ms'>\r\n\t\t\t\t\t\t\t<div class=\"project-card__thumb\">\r\n\t\t\t\t\t\t\t\t<img decoding=\"async\" src=\"https:\/\/bahadirambalaj.com\/wp-content\/uploads\/2025\/07\/Brown-Aesthetic-Skincare-Product-Features-Instagram-Portrait-Post-11.jpg\" alt=\"Brown Aesthetic Skincare Product Features Instagram Portrait Post\" title=\"Brown Aesthetic Skincare Product Features Instagram Portrait Post\" >\t\t\t\t\t\t\t<\/div>\r\n\t\t\t\t\t\t\t<div class=\"project-card__content\">\r\n\t\t\t\t\t\t\t\t<div class=\"project-card__content__inner\">\r\n\t\t\t\t\t\t\t\t\t<span class=\"project-card__content__subtitle\">\u00dcr\u00fcnlerimiz<\/span>\r\n\t\t\t\t\t\t\t\t\t<h4 class=\"project-card__content__title\">\r\n\t\t\t\t\t\t\t\t\t\t<a href=\"https:\/\/bahadirambalaj.com\/index.php\/kedi-kopek-mendili\/\">Kedi K\u00f6pek Mendili<\/a>\r\n\t\t\t\t\t\t\t\t\t<\/h4>\r\n\t\t\t\t\t\t\t\t<\/div>\r\n\t\t\t\t\t\t\t\t<a href=\"https:\/\/bahadirambalaj.com\/index.php\/kedi-kopek-mendili\/\" class=\"project-card__content__link\">\r\n\t\t\t\t\t\t\t\t\t<i aria-hidden=\"true\" class=\" icon-up-right-arrow\"><\/i>\t\t\t\t\t\t\t\t<\/a>\r\n\t\t\t\t\t\t\t<\/div>\r\n\t\t\t\t\t\t<\/div>\r\n\t\t\t\t\t<\/div>\r\n\t\t\t\t\t\t\t\t\t<div class=\"col-lg-4 col-md-6\">\r\n\t\t\t\t\t\t<div class=\"project-card wow fadeInUp\" data-wow-duration='00ms' data-wow-delay='00ms'>\r\n\t\t\t\t\t\t\t<div class=\"project-card__thumb\">\r\n\t\t\t\t\t\t\t\t<img decoding=\"async\" src=\"https:\/\/bahadirambalaj.com\/wp-content\/uploads\/2025\/07\/Brown-Aesthetic-Skincare-Product-Features-Instagram-Portrait-Post-12.jpg\" alt=\"Brown Aesthetic Skincare Product Features Instagram Portrait Post\" title=\"Brown Aesthetic Skincare Product Features Instagram Portrait Post\" >\t\t\t\t\t\t\t<\/div>\r\n\t\t\t\t\t\t\t<div class=\"project-card__content\">\r\n\t\t\t\t\t\t\t\t<div class=\"project-card__content__inner\">\r\n\t\t\t\t\t\t\t\t\t<span class=\"project-card__content__subtitle\">\u00dcr\u00fcnlerimiz<\/span>\r\n\t\t\t\t\t\t\t\t\t<h4 class=\"project-card__content__title\">\r\n\t\t\t\t\t\t\t\t\t\t<a href=\"https:\/\/bahadirambalaj.com\/index.php\/cep-mendili\/\">Cep Mendili<\/a>\r\n\t\t\t\t\t\t\t\t\t<\/h4>\r\n\t\t\t\t\t\t\t\t<\/div>\r\n\t\t\t\t\t\t\t\t<a href=\"https:\/\/bahadirambalaj.com\/index.php\/cep-mendili\/\" class=\"project-card__content__link\">\r\n\t\t\t\t\t\t\t\t\t<i aria-hidden=\"true\" class=\" icon-up-right-arrow\"><\/i>\t\t\t\t\t\t\t\t<\/a>\r\n\t\t\t\t\t\t\t<\/div>\r\n\t\t\t\t\t\t<\/div>\r\n\t\t\t\t\t<\/div>\r\n\t\t\t\t\t\t\t\t\t<div class=\"col-lg-4 col-md-6\">\r\n\t\t\t\t\t\t<div class=\"project-card wow fadeInUp\" data-wow-duration='00ms' data-wow-delay='00ms'>\r\n\t\t\t\t\t\t\t<div class=\"project-card__thumb\">\r\n\t\t\t\t\t\t\t\t<img decoding=\"async\" src=\"https:\/\/bahadirambalaj.com\/wp-content\/uploads\/2025\/07\/Brown-Aesthetic-Skincare-Product-Features-Instagram-Portrait-Post-13.jpg\" alt=\"Brown Aesthetic Skincare Product Features Instagram Portrait Post\" title=\"Brown Aesthetic Skincare Product Features Instagram Portrait Post\" >\t\t\t\t\t\t\t<\/div>\r\n\t\t\t\t\t\t\t<div class=\"project-card__content\">\r\n\t\t\t\t\t\t\t\t<div class=\"project-card__content__inner\">\r\n\t\t\t\t\t\t\t\t\t<span class=\"project-card__content__subtitle\">\u00dcr\u00fcnlerimiz<\/span>\r\n\t\t\t\t\t\t\t\t\t<h4 class=\"project-card__content__title\">\r\n\t\t\t\t\t\t\t\t\t\t<a href=\"https:\/\/bahadirambalaj.com\/index.php\/catal-bicak-kilifi\/\">\u00c7atal B\u0131\u00e7ak K\u0131l\u0131f\u0131<\/a>\r\n\t\t\t\t\t\t\t\t\t<\/h4>\r\n\t\t\t\t\t\t\t\t<\/div>\r\n\t\t\t\t\t\t\t\t<a href=\"https:\/\/bahadirambalaj.com\/index.php\/catal-bicak-kilifi\/\" class=\"project-card__content__link\">\r\n\t\t\t\t\t\t\t\t\t<i aria-hidden=\"true\" class=\" icon-up-right-arrow\"><\/i>\t\t\t\t\t\t\t\t<\/a>\r\n\t\t\t\t\t\t\t<\/div>\r\n\t\t\t\t\t\t<\/div>\r\n\t\t\t\t\t<\/div>\r\n\t\t\t\t\t\t\t\t\t<div class=\"col-lg-4 col-md-6\">\r\n\t\t\t\t\t\t<div class=\"project-card wow fadeInUp\" data-wow-duration='00ms' data-wow-delay='00ms'>\r\n\t\t\t\t\t\t\t<div class=\"project-card__thumb\">\r\n\t\t\t\t\t\t\t\t<img decoding=\"async\" src=\"https:\/\/bahadirambalaj.com\/wp-content\/uploads\/2025\/07\/Brown-Aesthetic-Skincare-Product-Features-Instagram-Portrait-Post-14.jpg\" alt=\"Brown Aesthetic Skincare Product Features Instagram Portrait Post\" title=\"Brown Aesthetic Skincare Product Features Instagram Portrait Post\" >\t\t\t\t\t\t\t<\/div>\r\n\t\t\t\t\t\t\t<div class=\"project-card__content\">\r\n\t\t\t\t\t\t\t\t<div class=\"project-card__content__inner\">\r\n\t\t\t\t\t\t\t\t\t<span class=\"project-card__content__subtitle\">\u00dcr\u00fcnlerimiz<\/span>\r\n\t\t\t\t\t\t\t\t\t<h4 class=\"project-card__content__title\">\r\n\t\t\t\t\t\t\t\t\t\t<a href=\"https:\/\/bahadirambalaj.com\/index.php\/rulo-mendil\/\">Rulo Mendil<\/a>\r\n\t\t\t\t\t\t\t\t\t<\/h4>\r\n\t\t\t\t\t\t\t\t<\/div>\r\n\t\t\t\t\t\t\t\t<a href=\"https:\/\/bahadirambalaj.com\/index.php\/rulo-mendil\/\" class=\"project-card__content__link\">\r\n\t\t\t\t\t\t\t\t\t<i aria-hidden=\"true\" class=\" icon-up-right-arrow\"><\/i>\t\t\t\t\t\t\t\t<\/a>\r\n\t\t\t\t\t\t\t<\/div>\r\n\t\t\t\t\t\t<\/div>\r\n\t\t\t\t\t<\/div>\r\n\t\t\t\t\t\t\t<\/div>\r\n\t\t<\/div>\r\n\t<\/section>\r\n\t<!-- Project section End -->\r\n\t\t\t\t<\/div>\n\t\t\t\t<\/div>\n\t\t\t\t<\/div>\n\t\t\t\t<\/div>\n\t\t","protected":false},"excerpt":{"rendered":"<p>\u00dcr\u00fcnlerimiz Islak Mendil \u00dcr\u00fcnlerimiz Chop Stick \u00dcr\u00fcnlerimiz Ka\u011f\u0131t \u00c7anta \u00dcr\u00fcnlerimiz D\u00f6ner Box \u00dcr\u00fcnlerimiz \u00c7i\u00e7ekli Mendil \u00dcr\u00fcnlerimiz Kedi K\u00f6pek Mendili \u00dcr\u00fcnlerimiz Cep Mendili \u00dcr\u00fcnlerimiz \u00c7atal B\u0131\u00e7ak K\u0131l\u0131f\u0131 \u00dcr\u00fcnlerimiz Rulo Mendil<\/p>\n","protected":false},"author":1,"featured_media":0,"parent":0,"menu_order":0,"comment_status":"closed","ping_status":"closed","template":"elementor_header_footer","meta":{"footnotes":""},"class_list":["post-1979","page","type-page","status-publish","hentry"],"_links":{"self":[{"href":"https:\/\/bahadirambalaj.com\/index.php\/wp-json\/wp\/v2\/pages\/1979","targetHints":{"allow":["GET"]}}],"collection":[{"href":"https:\/\/bahadirambalaj.com\/index.php\/wp-json\/wp\/v2\/pages"}],"about":[{"href":"https:\/\/bahadirambalaj.com\/index.php\/wp-json\/wp\/v2\/types\/page"}],"author":[{"embeddable":true,"href":"https:\/\/bahadirambalaj.com\/index.php\/wp-json\/wp\/v2\/users\/1"}],"replies":[{"embeddable":true,"href":"https:\/\/bahadirambalaj.com\/index.php\/wp-json\/wp\/v2\/comments?post=1979"}],"version-history":[{"count":26,"href":"https:\/\/bahadirambalaj.com\/index.php\/wp-json\/wp\/v2\/pages\/1979\/revisions"}],"predecessor-version":[{"id":2274,"href":"https:\/\/bahadirambalaj.com\/index.php\/wp-json\/wp\/v2\/pages\/1979\/revisions\/2274"}],"wp:attachment":[{"href":"https:\/\/bahadirambalaj.com\/index.php\/wp-json\/wp\/v2\/media?parent=1979"}],"curies":[{"name":"wp","href":"https:\/\/api.w.org\/{rel}","templated":true}]}}