{"id":2121,"date":"2025-07-18T11:48:22","date_gmt":"2025-07-18T11:48:22","guid":{"rendered":"https:\/\/bahadirambalaj.com\/?page_id=2121"},"modified":"2025-07-18T11:54:04","modified_gmt":"2025-07-18T11:54:04","slug":"kagit-canta","status":"publish","type":"page","link":"https:\/\/bahadirambalaj.com\/index.php\/kagit-canta\/","title":{"rendered":"Ka\u011f\u0131t \u00c7anta"},"content":{"rendered":"\t\t<div data-elementor-type=\"wp-page\" data-elementor-id=\"2121\" class=\"elementor elementor-2121\">\n\t\t\t\t<div class=\"elementor-element elementor-element-4767a6ee e-con-full e-flex e-con e-parent\" data-id=\"4767a6ee\" data-element_type=\"container\" data-e-type=\"container\">\n\t\t\t\t<div class=\"elementor-element elementor-element-4c198b75 elementor-widget elementor-widget-wallox-project-category\" data-id=\"4c198b75\" data-element_type=\"widget\" data-e-type=\"widget\" data-widget_type=\"wallox-project-category.default\">\n\t\t\t\t<div class=\"elementor-widget-container\">\n\t\t\t\t\t\t<section class=\"project-details pb-0\">\r\n\t\t<div class=\"container\">\r\n\t\t\t<div class=\"row\">\r\n\t\t\t\t<div class=\"col-12\">\r\n\t\t\t\t\t<div class=\"project-details__top__thumb\">\r\n\t\t\t\t\t\t<img decoding=\"async\" src=\"https:\/\/bahadirambalaj.com\/wp-content\/uploads\/2025\/07\/Kirmizi-Sade-Urun-Lansmani-Dokumanlar-Basligi-1170-x-472-piksel-3.jpg\" alt=\"K\u0131rm\u0131z\u0131 Sade \u00dcr\u00fcn Lansman\u0131 Dok\u00fcmanlar Ba\u015fl\u0131\u011f\u0131 (1170 x 472 piksel)\" title=\"K\u0131rm\u0131z\u0131 Sade \u00dcr\u00fcn Lansman\u0131 Dok\u00fcmanlar Ba\u015fl\u0131\u011f\u0131 (1170 x 472 piksel)\" >\t\t\t\t\t<\/div>\r\n\t\t\t\t\t\t\t\t\t\t\t<div class=\"project-details__category\">\r\n\t\t\t\t\t\t\t\t\t\t\t\t\t\t\t<div class=\"project-details__category__item\">\r\n\t\t\t\t\t\t\t\t\t<span class=\"project-details__category__subtitle\">\r\n\t\t\t\t\t\t\t\t\t\t\u00dcr\u00fcn Ad\u0131\t\t\t\t\t\t\t\t\t<\/span>\r\n\t\t\t\t\t\t\t\t\t<div class=\"project-details__category__title\">\r\n\t\t\t\t\t\t\t\t\t\tKa\u011f\u0131t \u00c7anta\t\t\t\t\t\t\t\t\t<\/div>\r\n\t\t\t\t\t\t\t\t<\/div>\r\n\t\t\t\t\t\t\t\t\t\t\t\t\t\t\t<div class=\"project-details__category__item\">\r\n\t\t\t\t\t\t\t\t\t<span class=\"project-details__category__subtitle\">\r\n\t\t\t\t\t\t\t\t\t\tTeslim S\u00fcresi\t\t\t\t\t\t\t\t\t<\/span>\r\n\t\t\t\t\t\t\t\t\t<div class=\"project-details__category__title\">\r\n\t\t\t\t\t\t\t\t\t\t3-15 G\u00fcn\t\t\t\t\t\t\t\t\t<\/div>\r\n\t\t\t\t\t\t\t\t<\/div>\r\n\t\t\t\t\t\t\t\t\t\t\t\t\t<\/div>\r\n\t\t\t\t\t\t\t\t\t<\/div>\r\n\t\t\t<\/div>\r\n\t\t<\/div>\r\n\t<\/section>\r\n\t\t\t\t<\/div>\n\t\t\t\t<\/div>\n\t\t\t\t<\/div>\n\t\t<div class=\"elementor-element elementor-element-3a7eaa07 e-flex e-con-boxed e-con e-child\" data-id=\"3a7eaa07\" data-element_type=\"container\" data-e-type=\"container\">\n\t\t\t\t\t<div class=\"e-con-inner\">\n\t\t\t\t<div class=\"elementor-element elementor-element-66c49505 elementor-widget elementor-widget-heading\" data-id=\"66c49505\" data-element_type=\"widget\" data-e-type=\"widget\" data-widget_type=\"heading.default\">\n\t\t\t\t\t<h2 class=\"elementor-heading-title elementor-size-default\">Ka\u011f\u0131t \u00c7anta \u00dcretimi<\/h2>\t\t\t\t<\/div>\n\t\t\t\t<div class=\"elementor-element elementor-element-37bec04e elementor-widget elementor-widget-text-editor\" data-id=\"37bec04e\" data-element_type=\"widget\" data-e-type=\"widget\" data-widget_type=\"text-editor.default\">\n\t\t\t\t\t\t\t\t\t<p>\u00c7evre dostu ve estetik \u00e7\u00f6z\u00fcmler sunan ka\u011f\u0131t \u00e7antalar, g\u00fcn\u00fcm\u00fczde markalar\u0131n s\u00fcrd\u00fcr\u00fclebilirli\u011fi ve prestijiyle \u00f6ne \u00e7\u0131kmas\u0131n\u0131 sa\u011flar. Firmam\u0131z, y\u00fcksek kaliteli ve ihtiyaca \u00f6zel ka\u011f\u0131t \u00e7anta \u00fcretimiyle hem kurumsal hem bireysel m\u00fc\u015fterilere hizmet vermektedir.<\/p><p>\u00a0<\/p>\t\t\t\t\t\t\t\t<\/div>\n\t\t\t\t\t<\/div>\n\t\t\t\t<\/div>\n\t\t<div class=\"elementor-element elementor-element-213dad3c e-flex e-con-boxed e-con e-parent\" data-id=\"213dad3c\" data-element_type=\"container\" data-e-type=\"container\">\n\t\t\t\t\t<div class=\"e-con-inner\">\n\t\t<div class=\"elementor-element elementor-element-3f9e0938 e-con-full e-flex e-con e-child\" data-id=\"3f9e0938\" data-element_type=\"container\" data-e-type=\"container\">\n\t\t\t\t<div class=\"elementor-element elementor-element-383ea59e elementor-widget elementor-widget-heading\" data-id=\"383ea59e\" data-element_type=\"widget\" data-e-type=\"widget\" data-widget_type=\"heading.default\">\n\t\t\t\t\t<h2 class=\"elementor-heading-title elementor-size-default\">Kullan\u0131m Alanlar\u0131<\/h2>\t\t\t\t<\/div>\n\t\t\t\t<div class=\"elementor-element elementor-element-67a309d2 elementor-widget elementor-widget-text-editor\" data-id=\"67a309d2\" data-element_type=\"widget\" data-e-type=\"widget\" data-widget_type=\"text-editor.default\">\n\t\t\t\t\t\t\t\t\t<p>&#8211; Ma\u011fazalar ve butik i\u015fletmeler <br \/>&#8211; Etkinlik ve fuar organizasyonlar\u0131 <br \/>&#8211; G\u0131da ve hediyelik sekt\u00f6rleri <br \/>&#8211; Kurumsal promosyonlar<\/p><p>\u00a0<\/p>\t\t\t\t\t\t\t\t<\/div>\n\t\t\t\t<\/div>\n\t\t<div class=\"elementor-element elementor-element-ddd893c e-con-full e-flex e-con e-child\" data-id=\"ddd893c\" data-element_type=\"container\" data-e-type=\"container\">\n\t\t\t\t<div class=\"elementor-element elementor-element-39824d17 elementor-widget elementor-widget-image\" data-id=\"39824d17\" data-element_type=\"widget\" data-e-type=\"widget\" data-widget_type=\"image.default\">\n\t\t\t\t\t\t\t\t\t\t\t\t\t\t\t<img fetchpriority=\"high\" decoding=\"async\" width=\"570\" height=\"338\" src=\"https:\/\/bahadirambalaj.com\/wp-content\/uploads\/2025\/07\/Brown-Aesthetic-Skincare-Product-Features-Instagram-Portrait-Post-5.jpg\" class=\"attachment-large size-large wp-image-2055\" alt=\"\" srcset=\"https:\/\/bahadirambalaj.com\/wp-content\/uploads\/2025\/07\/Brown-Aesthetic-Skincare-Product-Features-Instagram-Portrait-Post-5.jpg 570w, https:\/\/bahadirambalaj.com\/wp-content\/uploads\/2025\/07\/Brown-Aesthetic-Skincare-Product-Features-Instagram-Portrait-Post-5-300x178.jpg 300w\" sizes=\"(max-width: 570px) 100vw, 570px\" \/>\t\t\t\t\t\t\t\t\t\t\t\t\t\t\t<\/div>\n\t\t\t\t<\/div>\n\t\t\t\t\t<\/div>\n\t\t\t\t<\/div>\n\t\t<div class=\"elementor-element elementor-element-42a162b e-flex e-con-boxed e-con e-parent\" data-id=\"42a162b\" data-element_type=\"container\" data-e-type=\"container\">\n\t\t\t\t\t<div class=\"e-con-inner\">\n\t\t\t\t<div class=\"elementor-element elementor-element-f08f3e8 elementor-widget-divider--view-line elementor-widget elementor-widget-divider\" data-id=\"f08f3e8\" data-element_type=\"widget\" data-e-type=\"widget\" data-widget_type=\"divider.default\">\n\t\t\t\t\t\t\t<div class=\"elementor-divider\">\n\t\t\t<span class=\"elementor-divider-separator\">\n\t\t\t\t\t\t<\/span>\n\t\t<\/div>\n\t\t\t\t\t\t<\/div>\n\t\t\t\t\t<\/div>\n\t\t\t\t<\/div>\n\t\t<div class=\"elementor-element elementor-element-913dd1f e-flex e-con-boxed e-con e-parent\" data-id=\"913dd1f\" data-element_type=\"container\" data-e-type=\"container\">\n\t\t\t\t\t<div class=\"e-con-inner\">\n\t\t\t\t<div class=\"elementor-element elementor-element-a3e8d80 elementor-arrows-position-inside elementor-pagination-position-outside elementor-widget elementor-widget-image-carousel\" data-id=\"a3e8d80\" data-element_type=\"widget\" data-e-type=\"widget\" data-settings=\"{&quot;navigation&quot;:&quot;both&quot;,&quot;autoplay&quot;:&quot;yes&quot;,&quot;pause_on_hover&quot;:&quot;yes&quot;,&quot;pause_on_interaction&quot;:&quot;yes&quot;,&quot;autoplay_speed&quot;:5000,&quot;infinite&quot;:&quot;yes&quot;,&quot;speed&quot;:500}\" data-widget_type=\"image-carousel.default\">\n\t\t\t\t\t\t\t<div class=\"elementor-image-carousel-wrapper swiper\" role=\"region\" aria-roledescription=\"carousel\" aria-label=\"Resim D\u00f6ng\u00fcs\u00fc\" dir=\"ltr\">\n\t\t\t<div class=\"elementor-image-carousel swiper-wrapper\" aria-live=\"off\">\n\t\t\t\t\t\t\t\t<div class=\"swiper-slide\" role=\"group\" aria-roledescription=\"slide\" aria-label=\"1 \/ 4\"><figure class=\"swiper-slide-inner\"><img decoding=\"async\" class=\"swiper-slide-image\" src=\"https:\/\/bahadirambalaj.com\/wp-content\/uploads\/2025\/07\/Photoroom_20250313_130701-300x300.jpeg\" alt=\"Photoroom_20250313_130701\" \/><\/figure><\/div><div class=\"swiper-slide\" role=\"group\" aria-roledescription=\"slide\" aria-label=\"2 \/ 4\"><figure class=\"swiper-slide-inner\"><img decoding=\"async\" class=\"swiper-slide-image\" src=\"https:\/\/bahadirambalaj.com\/wp-content\/uploads\/2025\/07\/Photoroom_20250313_130821-300x300.jpeg\" alt=\"Photoroom_20250313_130821\" \/><\/figure><\/div><div class=\"swiper-slide\" role=\"group\" aria-roledescription=\"slide\" aria-label=\"3 \/ 4\"><figure class=\"swiper-slide-inner\"><img decoding=\"async\" class=\"swiper-slide-image\" src=\"https:\/\/bahadirambalaj.com\/wp-content\/uploads\/2025\/07\/Photoroom_20250313_130913-300x300.jpeg\" alt=\"Photoroom_20250313_130913\" \/><\/figure><\/div><div class=\"swiper-slide\" role=\"group\" aria-roledescription=\"slide\" aria-label=\"4 \/ 4\"><figure class=\"swiper-slide-inner\"><img decoding=\"async\" class=\"swiper-slide-image\" src=\"https:\/\/bahadirambalaj.com\/wp-content\/uploads\/2025\/07\/Photoroom_20250313_131019-300x300.jpeg\" alt=\"Photoroom_20250313_131019\" \/><\/figure><\/div>\t\t\t<\/div>\n\t\t\t\t\t\t\t\t\t\t\t\t<div class=\"elementor-swiper-button elementor-swiper-button-prev\" role=\"button\" tabindex=\"0\">\n\t\t\t\t\t\t<i aria-hidden=\"true\" class=\"eicon-chevron-left\"><\/i>\t\t\t\t\t<\/div>\n\t\t\t\t\t<div class=\"elementor-swiper-button elementor-swiper-button-next\" role=\"button\" tabindex=\"0\">\n\t\t\t\t\t\t<i aria-hidden=\"true\" class=\"eicon-chevron-right\"><\/i>\t\t\t\t\t<\/div>\n\t\t\t\t\n\t\t\t\t\t\t\t\t\t<div class=\"swiper-pagination\"><\/div>\n\t\t\t\t\t\t\t\t\t<\/div>\n\t\t\t\t\t\t<\/div>\n\t\t\t\t\t<\/div>\n\t\t\t\t<\/div>\n\t\t\t\t<\/div>\n\t\t","protected":false},"excerpt":{"rendered":"<p>\u00dcr\u00fcn Ad\u0131 Ka\u011f\u0131t \u00c7anta Teslim S\u00fcresi 3-15 G\u00fcn Ka\u011f\u0131t \u00c7anta \u00dcretimi \u00c7evre dostu ve estetik \u00e7\u00f6z\u00fcmler sunan ka\u011f\u0131t \u00e7antalar, g\u00fcn\u00fcm\u00fczde markalar\u0131n s\u00fcrd\u00fcr\u00fclebilirli\u011fi ve prestijiyle \u00f6ne \u00e7\u0131kmas\u0131n\u0131 sa\u011flar. Firmam\u0131z, y\u00fcksek kaliteli ve ihtiyaca \u00f6zel ka\u011f\u0131t \u00e7anta \u00fcretimiyle hem kurumsal hem bireysel m\u00fc\u015fterilere hizmet vermektedir. \u00a0 Kullan\u0131m Alanlar\u0131 &#8211; Ma\u011fazalar ve butik i\u015fletmeler &#8211; Etkinlik ve fuar [&hellip;]<\/p>\n","protected":false},"author":1,"featured_media":0,"parent":0,"menu_order":0,"comment_status":"closed","ping_status":"closed","template":"elementor_header_footer","meta":{"footnotes":""},"class_list":["post-2121","page","type-page","status-publish","hentry"],"_links":{"self":[{"href":"https:\/\/bahadirambalaj.com\/index.php\/wp-json\/wp\/v2\/pages\/2121","targetHints":{"allow":["GET"]}}],"collection":[{"href":"https:\/\/bahadirambalaj.com\/index.php\/wp-json\/wp\/v2\/pages"}],"about":[{"href":"https:\/\/bahadirambalaj.com\/index.php\/wp-json\/wp\/v2\/types\/page"}],"author":[{"embeddable":true,"href":"https:\/\/bahadirambalaj.com\/index.php\/wp-json\/wp\/v2\/users\/1"}],"replies":[{"embeddable":true,"href":"https:\/\/bahadirambalaj.com\/index.php\/wp-json\/wp\/v2\/comments?post=2121"}],"version-history":[{"count":7,"href":"https:\/\/bahadirambalaj.com\/index.php\/wp-json\/wp\/v2\/pages\/2121\/revisions"}],"predecessor-version":[{"id":2139,"href":"https:\/\/bahadirambalaj.com\/index.php\/wp-json\/wp\/v2\/pages\/2121\/revisions\/2139"}],"wp:attachment":[{"href":"https:\/\/bahadirambalaj.com\/index.php\/wp-json\/wp\/v2\/media?parent=2121"}],"curies":[{"name":"wp","href":"https:\/\/api.w.org\/{rel}","templated":true}]}}