{"id":2256,"date":"2025-07-28T12:41:57","date_gmt":"2025-07-28T12:41:57","guid":{"rendered":"https:\/\/bahadirambalaj.com\/?page_id=2256"},"modified":"2025-07-28T12:45:18","modified_gmt":"2025-07-28T12:45:18","slug":"rulo-mendil","status":"publish","type":"page","link":"https:\/\/bahadirambalaj.com\/index.php\/rulo-mendil\/","title":{"rendered":"Rulo Mendil"},"content":{"rendered":"\t\t<div data-elementor-type=\"wp-page\" data-elementor-id=\"2256\" class=\"elementor elementor-2256\">\n\t\t\t\t<div class=\"elementor-element elementor-element-4767a6ee e-con-full e-flex e-con e-parent\" data-id=\"4767a6ee\" data-element_type=\"container\" data-e-type=\"container\">\n\t\t\t\t<div class=\"elementor-element elementor-element-4c198b75 elementor-widget elementor-widget-wallox-project-category\" data-id=\"4c198b75\" data-element_type=\"widget\" data-e-type=\"widget\" data-widget_type=\"wallox-project-category.default\">\n\t\t\t\t<div class=\"elementor-widget-container\">\n\t\t\t\t\t\t<section class=\"project-details pb-0\">\r\n\t\t<div class=\"container\">\r\n\t\t\t<div class=\"row\">\r\n\t\t\t\t<div class=\"col-12\">\r\n\t\t\t\t\t<div class=\"project-details__top__thumb\">\r\n\t\t\t\t\t\t<img decoding=\"async\" src=\"https:\/\/bahadirambalaj.com\/wp-content\/uploads\/2025\/07\/Kirmizi-Sade-Urun-Lansmani-Dokumanlar-Basligi-1170-x-472-piksel-9.jpg\" alt=\"K\u0131rm\u0131z\u0131 Sade \u00dcr\u00fcn Lansman\u0131 Dok\u00fcmanlar Ba\u015fl\u0131\u011f\u0131 (1170 x 472 piksel)\" title=\"K\u0131rm\u0131z\u0131 Sade \u00dcr\u00fcn Lansman\u0131 Dok\u00fcmanlar Ba\u015fl\u0131\u011f\u0131 (1170 x 472 piksel)\" >\t\t\t\t\t<\/div>\r\n\t\t\t\t\t\t\t\t\t\t\t<div class=\"project-details__category\">\r\n\t\t\t\t\t\t\t\t\t\t\t\t\t\t\t<div class=\"project-details__category__item\">\r\n\t\t\t\t\t\t\t\t\t<span class=\"project-details__category__subtitle\">\r\n\t\t\t\t\t\t\t\t\t\t\u00dcr\u00fcn Ad\u0131\t\t\t\t\t\t\t\t\t<\/span>\r\n\t\t\t\t\t\t\t\t\t<div class=\"project-details__category__title\">\r\n\t\t\t\t\t\t\t\t\t\tRulo Mendil\t\t\t\t\t\t\t\t\t<\/div>\r\n\t\t\t\t\t\t\t\t<\/div>\r\n\t\t\t\t\t\t\t\t\t\t\t\t\t\t\t<div class=\"project-details__category__item\">\r\n\t\t\t\t\t\t\t\t\t<span class=\"project-details__category__subtitle\">\r\n\t\t\t\t\t\t\t\t\t\tKoku \u00c7e\u015fitleri\t\t\t\t\t\t\t\t\t<\/span>\r\n\t\t\t\t\t\t\t\t\t<div class=\"project-details__category__title\">\r\n\t\t\t\t\t\t\t\t\t\tLimon ve Parf\u00fcm \u00c7e\u015fitleri\t\t\t\t\t\t\t\t\t<\/div>\r\n\t\t\t\t\t\t\t\t<\/div>\r\n\t\t\t\t\t\t\t\t\t\t\t\t\t\t\t<div class=\"project-details__category__item\">\r\n\t\t\t\t\t\t\t\t\t<span class=\"project-details__category__subtitle\">\r\n\t\t\t\t\t\t\t\t\t\tTeslim S\u00fcresi\t\t\t\t\t\t\t\t\t<\/span>\r\n\t\t\t\t\t\t\t\t\t<div class=\"project-details__category__title\">\r\n\t\t\t\t\t\t\t\t\t\t3-15 G\u00fcn\t\t\t\t\t\t\t\t\t<\/div>\r\n\t\t\t\t\t\t\t\t<\/div>\r\n\t\t\t\t\t\t\t\t\t\t\t\t\t<\/div>\r\n\t\t\t\t\t\t\t\t\t<\/div>\r\n\t\t\t<\/div>\r\n\t\t<\/div>\r\n\t<\/section>\r\n\t\t\t\t<\/div>\n\t\t\t\t<\/div>\n\t\t\t\t<\/div>\n\t\t<div class=\"elementor-element elementor-element-3a7eaa07 e-flex e-con-boxed e-con e-child\" data-id=\"3a7eaa07\" data-element_type=\"container\" data-e-type=\"container\">\n\t\t\t\t\t<div class=\"e-con-inner\">\n\t\t\t\t<div class=\"elementor-element elementor-element-66c49505 elementor-widget elementor-widget-heading\" data-id=\"66c49505\" data-element_type=\"widget\" data-e-type=\"widget\" data-widget_type=\"heading.default\">\n\t\t\t\t\t<h2 class=\"elementor-heading-title elementor-size-default\">Islak Mendil Nedir? Ne \u0130\u00e7in Kullan\u0131l\u0131r?<span style=\"letter-spacing: -0.9px\"><\/span><\/h2>\t\t\t\t<\/div>\n\t\t\t\t<div class=\"elementor-element elementor-element-37bec04e elementor-widget elementor-widget-text-editor\" data-id=\"37bec04e\" data-element_type=\"widget\" data-e-type=\"widget\" data-widget_type=\"text-editor.default\">\n\t\t\t\t\t\t\t\t\t<p>Rulo mendiller; pratik, hijyenik ve \u00e7ok y\u00f6nl\u00fc temizlik \u00fcr\u00fcnleridir. Genellikle su, alkol veya \u00f6zel temizlik sol\u00fcsyonlar\u0131yla \u0131slat\u0131lm\u0131\u015f yumu\u015fak dokulu bezlerden olu\u015fur. <i>G\u0131da<\/i>, ki\u015fisel bak\u0131m, bebek hijyeni, medikal ve end\u00fcstriyel alanlar gibi pek \u00e7ok sekt\u00f6rde g\u00fcvenle kullan\u0131l\u0131r.<\/p><p>Evde, i\u015fte, seyahatte ya da d\u0131\u015far\u0131da\u2026 Ellerinizi, y\u00fcz\u00fcn\u00fcz\u00fc veya y\u00fczeyleri kolayca temizlemek i\u00e7in ideal bir \u00e7\u00f6z\u00fcmd\u00fcr. Ho\u015f koku b\u0131rak\u0131r, cildi nazik\u00e7e silerken ferahl\u0131k hissi sa\u011flar. Antibakteriyel se\u00e7enekleriyle hijyen d\u00fczeyini art\u0131r\u0131r.<\/p>\t\t\t\t\t\t\t\t<\/div>\n\t\t\t\t<div class=\"elementor-element elementor-element-62aaeb9a elementor-widget elementor-widget-text-editor\" data-id=\"62aaeb9a\" data-element_type=\"widget\" data-e-type=\"widget\" data-widget_type=\"text-editor.default\">\n\t\t\t\t\t\t\t\t\t<p class=\"service-details__text wow fadeInUp animated\" data-wow-duration=\"1500ms\" data-wow-delay=\"300ms\">mistaken idea of denouncing pleasure and praising pain was born and I will give you a complete account of the system, and expound the actual teachings of the great explorer of the truth, the master-builder of human happiness. No one rejects, dislikes, or avoids pleasure itself, because it is pleasure, but because those who do not know how to pursue pleasure rationally encounter consequences that are extremely painful.<\/p>\t\t\t\t\t\t\t\t<\/div>\n\t\t\t\t\t<\/div>\n\t\t\t\t<\/div>\n\t\t<div class=\"elementor-element elementor-element-213dad3c e-flex e-con-boxed e-con e-parent\" data-id=\"213dad3c\" data-element_type=\"container\" data-e-type=\"container\">\n\t\t\t\t\t<div class=\"e-con-inner\">\n\t\t<div class=\"elementor-element elementor-element-3f9e0938 e-con-full e-flex e-con e-child\" data-id=\"3f9e0938\" data-element_type=\"container\" data-e-type=\"container\">\n\t\t\t\t<div class=\"elementor-element elementor-element-383ea59e elementor-widget elementor-widget-heading\" data-id=\"383ea59e\" data-element_type=\"widget\" data-e-type=\"widget\" data-widget_type=\"heading.default\">\n\t\t\t\t\t<h2 class=\"elementor-heading-title elementor-size-default\">Neden Bahad\u0131r Ambalaj?<\/h2>\t\t\t\t<\/div>\n\t\t\t\t<div class=\"elementor-element elementor-element-67a309d2 elementor-widget elementor-widget-text-editor\" data-id=\"67a309d2\" data-element_type=\"widget\" data-e-type=\"widget\" data-widget_type=\"text-editor.default\">\n\t\t\t\t\t\t\t\t\t<p>Neden Bizim Rulo Mendillerimiz? <br \/>&#8211; Y\u00fcksek kaliteli, cilde dost malzemeler <br \/>&#8211; Alkol i\u00e7eren ve i\u00e7ermeyen se\u00e7enekler <br \/>&#8211; Farkl\u0131 ebat ve ambalaj alternatifleri <br \/>&#8211; G\u00fcvenli ve dermatolojik olarak test edilmi\u015f form\u00fcller<\/p>\t\t\t\t\t\t\t\t<\/div>\n\t\t\t\t<\/div>\n\t\t<div class=\"elementor-element elementor-element-ddd893c e-con-full e-flex e-con e-child\" data-id=\"ddd893c\" data-element_type=\"container\" data-e-type=\"container\">\n\t\t\t\t<div class=\"elementor-element elementor-element-39824d17 elementor-widget elementor-widget-image\" data-id=\"39824d17\" data-element_type=\"widget\" data-e-type=\"widget\" data-widget_type=\"image.default\">\n\t\t\t\t\t\t\t\t\t\t\t\t\t\t\t<img fetchpriority=\"high\" decoding=\"async\" width=\"570\" height=\"338\" src=\"https:\/\/bahadirambalaj.com\/wp-content\/uploads\/2025\/07\/Brown-Aesthetic-Skincare-Product-Features-Instagram-Portrait-Post-570-x-338-piksel-1.jpg\" class=\"attachment-large size-large wp-image-2260\" alt=\"\" srcset=\"https:\/\/bahadirambalaj.com\/wp-content\/uploads\/2025\/07\/Brown-Aesthetic-Skincare-Product-Features-Instagram-Portrait-Post-570-x-338-piksel-1.jpg 570w, https:\/\/bahadirambalaj.com\/wp-content\/uploads\/2025\/07\/Brown-Aesthetic-Skincare-Product-Features-Instagram-Portrait-Post-570-x-338-piksel-1-300x178.jpg 300w\" sizes=\"(max-width: 570px) 100vw, 570px\" \/>\t\t\t\t\t\t\t\t\t\t\t\t\t\t\t<\/div>\n\t\t\t\t<\/div>\n\t\t\t\t\t<\/div>\n\t\t\t\t<\/div>\n\t\t<div class=\"elementor-element elementor-element-42a162b e-flex e-con-boxed e-con e-parent\" data-id=\"42a162b\" data-element_type=\"container\" data-e-type=\"container\">\n\t\t\t\t\t<div class=\"e-con-inner\">\n\t\t\t\t\t<\/div>\n\t\t\t\t<\/div>\n\t\t<div class=\"elementor-element elementor-element-913dd1f e-flex e-con-boxed e-con e-parent\" data-id=\"913dd1f\" data-element_type=\"container\" data-e-type=\"container\">\n\t\t\t\t\t<div class=\"e-con-inner\">\n\t\t\t\t<div class=\"elementor-element elementor-element-a3e8d80 elementor-arrows-position-inside elementor-pagination-position-outside elementor-widget elementor-widget-image-carousel\" data-id=\"a3e8d80\" data-element_type=\"widget\" data-e-type=\"widget\" data-settings=\"{&quot;navigation&quot;:&quot;both&quot;,&quot;autoplay&quot;:&quot;yes&quot;,&quot;pause_on_hover&quot;:&quot;yes&quot;,&quot;pause_on_interaction&quot;:&quot;yes&quot;,&quot;autoplay_speed&quot;:5000,&quot;infinite&quot;:&quot;yes&quot;,&quot;speed&quot;:500}\" data-widget_type=\"image-carousel.default\">\n\t\t\t\t\t\t\t<div class=\"elementor-image-carousel-wrapper swiper\" role=\"region\" aria-roledescription=\"carousel\" aria-label=\"Resim D\u00f6ng\u00fcs\u00fc\" dir=\"ltr\">\n\t\t\t<div class=\"elementor-image-carousel swiper-wrapper\" aria-live=\"off\">\n\t\t\t\t\t\t\t\t<div class=\"swiper-slide\" role=\"group\" aria-roledescription=\"slide\" aria-label=\"1 \/ 5\"><figure class=\"swiper-slide-inner\"><img decoding=\"async\" class=\"swiper-slide-image\" src=\"https:\/\/bahadirambalaj.com\/wp-content\/uploads\/2025\/07\/Photoroom_20250310_143440-300x300.jpg\" alt=\"Photoroom_20250310_143440\" \/><\/figure><\/div><div class=\"swiper-slide\" role=\"group\" aria-roledescription=\"slide\" aria-label=\"2 \/ 5\"><figure class=\"swiper-slide-inner\"><img decoding=\"async\" class=\"swiper-slide-image\" src=\"https:\/\/bahadirambalaj.com\/wp-content\/uploads\/2025\/07\/Photoroom_20250310_143806-300x300.jpg\" alt=\"Photoroom_20250310_143806\" \/><\/figure><\/div><div class=\"swiper-slide\" role=\"group\" aria-roledescription=\"slide\" aria-label=\"3 \/ 5\"><figure class=\"swiper-slide-inner\"><img decoding=\"async\" class=\"swiper-slide-image\" src=\"https:\/\/bahadirambalaj.com\/wp-content\/uploads\/2025\/07\/Photoroom_20250310_144819-300x300.jpg\" alt=\"Photoroom_20250310_144819\" \/><\/figure><\/div><div class=\"swiper-slide\" role=\"group\" aria-roledescription=\"slide\" aria-label=\"4 \/ 5\"><figure class=\"swiper-slide-inner\"><img decoding=\"async\" class=\"swiper-slide-image\" src=\"https:\/\/bahadirambalaj.com\/wp-content\/uploads\/2025\/07\/Photoroom_20250310_144903-300x300.jpg\" alt=\"Photoroom_20250310_144903\" \/><\/figure><\/div><div class=\"swiper-slide\" role=\"group\" aria-roledescription=\"slide\" aria-label=\"5 \/ 5\"><figure class=\"swiper-slide-inner\"><img decoding=\"async\" class=\"swiper-slide-image\" src=\"https:\/\/bahadirambalaj.com\/wp-content\/uploads\/2025\/07\/Photoroom_20250310_145519-300x300.jpg\" alt=\"Photoroom_20250310_145519\" \/><\/figure><\/div>\t\t\t<\/div>\n\t\t\t\t\t\t\t\t\t\t\t\t<div class=\"elementor-swiper-button elementor-swiper-button-prev\" role=\"button\" tabindex=\"0\">\n\t\t\t\t\t\t<i aria-hidden=\"true\" class=\"eicon-chevron-left\"><\/i>\t\t\t\t\t<\/div>\n\t\t\t\t\t<div class=\"elementor-swiper-button elementor-swiper-button-next\" role=\"button\" tabindex=\"0\">\n\t\t\t\t\t\t<i aria-hidden=\"true\" class=\"eicon-chevron-right\"><\/i>\t\t\t\t\t<\/div>\n\t\t\t\t\n\t\t\t\t\t\t\t\t\t<div class=\"swiper-pagination\"><\/div>\n\t\t\t\t\t\t\t\t\t<\/div>\n\t\t\t\t\t\t<\/div>\n\t\t\t\t\t<\/div>\n\t\t\t\t<\/div>\n\t\t\t\t<\/div>\n\t\t","protected":false},"excerpt":{"rendered":"<p>\u00dcr\u00fcn Ad\u0131 Rulo Mendil Koku \u00c7e\u015fitleri Limon ve Parf\u00fcm \u00c7e\u015fitleri Teslim S\u00fcresi 3-15 G\u00fcn Islak Mendil Nedir? Ne \u0130\u00e7in Kullan\u0131l\u0131r? Rulo mendiller; pratik, hijyenik ve \u00e7ok y\u00f6nl\u00fc temizlik \u00fcr\u00fcnleridir. Genellikle su, alkol veya \u00f6zel temizlik sol\u00fcsyonlar\u0131yla \u0131slat\u0131lm\u0131\u015f yumu\u015fak dokulu bezlerden olu\u015fur. G\u0131da, ki\u015fisel bak\u0131m, bebek hijyeni, medikal ve end\u00fcstriyel alanlar gibi pek \u00e7ok sekt\u00f6rde g\u00fcvenle [&hellip;]<\/p>\n","protected":false},"author":1,"featured_media":0,"parent":0,"menu_order":0,"comment_status":"closed","ping_status":"closed","template":"elementor_header_footer","meta":{"footnotes":""},"class_list":["post-2256","page","type-page","status-publish","hentry"],"_links":{"self":[{"href":"https:\/\/bahadirambalaj.com\/index.php\/wp-json\/wp\/v2\/pages\/2256","targetHints":{"allow":["GET"]}}],"collection":[{"href":"https:\/\/bahadirambalaj.com\/index.php\/wp-json\/wp\/v2\/pages"}],"about":[{"href":"https:\/\/bahadirambalaj.com\/index.php\/wp-json\/wp\/v2\/types\/page"}],"author":[{"embeddable":true,"href":"https:\/\/bahadirambalaj.com\/index.php\/wp-json\/wp\/v2\/users\/1"}],"replies":[{"embeddable":true,"href":"https:\/\/bahadirambalaj.com\/index.php\/wp-json\/wp\/v2\/comments?post=2256"}],"version-history":[{"count":5,"href":"https:\/\/bahadirambalaj.com\/index.php\/wp-json\/wp\/v2\/pages\/2256\/revisions"}],"predecessor-version":[{"id":2269,"href":"https:\/\/bahadirambalaj.com\/index.php\/wp-json\/wp\/v2\/pages\/2256\/revisions\/2269"}],"wp:attachment":[{"href":"https:\/\/bahadirambalaj.com\/index.php\/wp-json\/wp\/v2\/media?parent=2256"}],"curies":[{"name":"wp","href":"https:\/\/api.w.org\/{rel}","templated":true}]}}