{"id":435,"date":"2024-08-12T12:33:03","date_gmt":"2024-08-12T12:33:03","guid":{"rendered":"http:\/\/wallox-demo.local\/?page_id=435"},"modified":"2024-08-12T12:33:03","modified_gmt":"2024-08-12T12:33:03","slug":"products-carousel","status":"publish","type":"page","link":"https:\/\/bahadirambalaj.com\/index.php\/products-carousel\/","title":{"rendered":"Products carousel"},"content":{"rendered":"\t\t<div data-elementor-type=\"wp-page\" data-elementor-id=\"435\" class=\"elementor elementor-435\">\n\t\t\t\t<div class=\"elementor-element elementor-element-ec64343 e-con-full e-flex e-con e-parent\" data-id=\"ec64343\" data-element_type=\"container\" data-e-type=\"container\">\n\t\t\t\t<div class=\"elementor-element elementor-element-5a51f57 elementor-widget elementor-widget-wallox-shop\" data-id=\"5a51f57\" data-element_type=\"widget\" data-e-type=\"widget\" data-widget_type=\"wallox-shop.default\">\n\t\t\t\t<div class=\"elementor-widget-container\">\n\t\t\t\t\t\t<section class=\"product-one product-one--page\">\r\n\t\t<div class=\"container\">\r\n\t\t\t<div class=\"row\">\r\n\t\t\t\t<div class=\"col-lg-12\">\r\n\t\t\t\t\t<div class=\"product-one__carousel wallox-owl__carousel wallox-owl__carousel--with-shadow wallox-owl__carousel--basic-nav owl-carousel owl-theme\" data-owl-options='{&quot;loop&quot;:true,&quot;margin&quot;:30,&quot;items&quot;:4,&quot;nav&quot;:true,&quot;dots&quot;:true,&quot;smartSpeed&quot;:700,&quot;autoplay&quot;:true,&quot;autoplayTimeout&quot;:5000,&quot;animateOut&quot;:&quot;&quot;,&quot;animateIn&quot;:&quot;&quot;,&quot;autoplayHoverPause&quot;:true,&quot;navText&quot;:[&quot;&lt;span class=\\&quot;  icon-angle-right \\&quot;&gt;&lt;\\\/span&gt;&quot;,&quot;&lt;span class=\\&quot;  icon-angle-left \\&quot;&gt;&lt;\\\/span&gt;&quot;],&quot;responsive&quot;:{&quot;0&quot;:{&quot;margin&quot;:0,&quot;items&quot;:1},&quot;576&quot;:{&quot;margin&quot;:30,&quot;items&quot;:2},&quot;992&quot;:{&quot;margin&quot;:30,&quot;items&quot;:3},&quot;1200&quot;:{&quot;margin&quot;:30,&quot;items&quot;:4}}}'>\r\n\t\t\t\t\t\t\t\t\t\t\t<div class=\"item\">\r\n\t\t\t\t\t\t\t<div class=\"product__item wow fadeInUp\" data-wow-duration='1500ms' data-wow-delay='000ms'>\r\n\t\t\t\t\t\t\t\t<div class=\"product__item__img\">\r\n\t\t\t\t\t\t\t\t\t<div class=\"product__item__img__item\">\r\n\t\t\t\t\t\t\t\t\t\t\t\t\t\t\t\t\t\t\t<\/div>\r\n\t\t\t\t\t\t\t\t\t<div class=\"product__item__btn\">\r\n\t\t\t\t\t\t\t\t\t\t<a href=\"?add-to-wishlist=674\" class=\"woosw-btn woosw-btn-674 woosw-btn-has-icon woosw-btn-text-icon\" data-id=\"674\" data-product_name=\"Women place tshirt\" data-product_image=\"\" rel=\"nofollow\" aria-label=\"Add to wishlist\"><span class=\"woosw-btn-text\">Add to wishlist<\/span><span class=\"woosw-btn-icon woosw-icon-5\"><\/span><\/a>\t\t\t\t\t\t\t\t\t\t\t<button class=\"woosq-btn woosq-btn-674 woosq-btn-has-icon woosq-btn-icon-only\" data-id=\"674\" data-effect=\"mfp-3d-unfold\" data-context=\"default\"><span class=\"woosq-btn-icon woosq-icon-1\"><\/span><\/button>\t\t\t\t\t\t\t\t\t<\/div>\r\n\t\t\t\t\t\t\t\t<\/div>\r\n\t\t\t\t\t\t\t\t<div class=\"product__item__content\">\r\n\t\t\t\t\t\t\t\t\t<div class=\"product__item__ratings\">\r\n\t\t\t\t\t\t\t\t\t\t\t\t\t\t\t\t\t\t\t<\/div>\r\n\t\t\t\t\t\t\t\t\t<h4 class=\"product__item__title\">\r\n\t\t\t\t\t\t\t\t\t\t<a href=\"https:\/\/bahadirambalaj.com\/index.php\/product\/women-place-tshirt\/\">Women place tshirt<\/a>\r\n\t\t\t\t\t\t\t\t\t<\/h4>\r\n\t\t\t\t\t\t\t\t\t<div class=\"product__item__price\">\n\t<span class=\"price\"><span class=\"woocommerce-Price-amount amount\"><bdi><span class=\"woocommerce-Price-currencySymbol\">&#36;<\/span>12.00<\/bdi><\/span><\/span>\n<\/div>\r\n\t\t\t\t\t\t\t\t\t<a href=\"\/index.php\/wp-json\/wp\/v2\/pages\/435?add-to-cart=674\" data-quantity=\"1\" class=\"button product_type_simple add_to_cart_button thm-btn  product__all-btn add_to_cart_button ajax_add_to_cart wallox_ajax\" data-product_id=\"674\" data-product_sku=\"\" aria-label=\"Sepete ekle: \u201cWomen place tshirt\u201d\" rel=\"nofollow\">Sepete Ekle<\/a>\t\t\t\t\t\t\t\t<\/div>\r\n\t\t\t\t\t\t\t<\/div>\r\n\t\t\t\t\t\t<\/div>\r\n\t\t\t\t\t\t\t\t\t\t\t\t<div class=\"item\">\r\n\t\t\t\t\t\t\t<div class=\"product__item wow fadeInUp\" data-wow-duration='1500ms' data-wow-delay='000ms'>\r\n\t\t\t\t\t\t\t\t<div class=\"product__item__img\">\r\n\t\t\t\t\t\t\t\t\t<div class=\"product__item__img__item\">\r\n\t\t\t\t\t\t\t\t\t\t<img fetchpriority=\"high\" decoding=\"async\" width=\"294\" height=\"225\" src=\"https:\/\/bahadirambalaj.com\/wp-content\/uploads\/2024\/08\/angle-1-1-rtl-294x225.png\" class=\"attachment-wallox_blog_310X225 size-wallox_blog_310X225 wp-post-image\" alt=\"\" \/>\t\t\t\t\t\t\t\t\t<\/div>\r\n\t\t\t\t\t\t\t\t\t<div class=\"product__item__btn\">\r\n\t\t\t\t\t\t\t\t\t\t<a href=\"?add-to-wishlist=668\" class=\"woosw-btn woosw-btn-668 woosw-btn-has-icon woosw-btn-text-icon\" data-id=\"668\" data-product_name=\"Women gun tshirt\" data-product_image=\"https:\/\/bahadirambalaj.com\/wp-content\/uploads\/2024\/08\/angle-1-1-rtl-150x150.png\" rel=\"nofollow\" aria-label=\"Add to wishlist\"><span class=\"woosw-btn-text\">Add to wishlist<\/span><span class=\"woosw-btn-icon woosw-icon-5\"><\/span><\/a>\t\t\t\t\t\t\t\t\t\t\t<button class=\"woosq-btn woosq-btn-668 woosq-btn-has-icon woosq-btn-icon-only\" data-id=\"668\" data-effect=\"mfp-3d-unfold\" data-context=\"default\"><span class=\"woosq-btn-icon woosq-icon-1\"><\/span><\/button>\t\t\t\t\t\t\t\t\t<\/div>\r\n\t\t\t\t\t\t\t\t<\/div>\r\n\t\t\t\t\t\t\t\t<div class=\"product__item__content\">\r\n\t\t\t\t\t\t\t\t\t<div class=\"product__item__ratings\">\r\n\t\t\t\t\t\t\t\t\t\t\t\t\t\t\t\t\t\t\t<\/div>\r\n\t\t\t\t\t\t\t\t\t<h4 class=\"product__item__title\">\r\n\t\t\t\t\t\t\t\t\t\t<a href=\"https:\/\/bahadirambalaj.com\/index.php\/product\/women-gun-tshirt\/\">Women gun tshirt<\/a>\r\n\t\t\t\t\t\t\t\t\t<\/h4>\r\n\t\t\t\t\t\t\t\t\t<div class=\"product__item__price\">\n\t<span class=\"price\"><span class=\"woocommerce-Price-amount amount\"><bdi><span class=\"woocommerce-Price-currencySymbol\">&#36;<\/span>16.00<\/bdi><\/span><\/span>\n<\/div>\r\n\t\t\t\t\t\t\t\t\t<a href=\"\/index.php\/wp-json\/wp\/v2\/pages\/435?add-to-cart=668\" data-quantity=\"1\" class=\"button product_type_simple add_to_cart_button thm-btn  product__all-btn add_to_cart_button ajax_add_to_cart wallox_ajax\" data-product_id=\"668\" data-product_sku=\"\" aria-label=\"Sepete ekle: \u201cWomen gun tshirt\u201d\" rel=\"nofollow\">Sepete Ekle<\/a>\t\t\t\t\t\t\t\t<\/div>\r\n\t\t\t\t\t\t\t<\/div>\r\n\t\t\t\t\t\t<\/div>\r\n\t\t\t\t\t\t\t\t\t\t\t\t<div class=\"item\">\r\n\t\t\t\t\t\t\t<div class=\"product__item wow fadeInUp\" data-wow-duration='1500ms' data-wow-delay='000ms'>\r\n\t\t\t\t\t\t\t\t<div class=\"product__item__img\">\r\n\t\t\t\t\t\t\t\t\t<div class=\"product__item__img__item\">\r\n\t\t\t\t\t\t\t\t\t\t<img decoding=\"async\" width=\"225\" height=\"225\" src=\"https:\/\/bahadirambalaj.com\/wp-content\/uploads\/2017\/12\/shirt_1.jpg\" class=\"attachment-wallox_blog_310X225 size-wallox_blog_310X225 wp-post-image\" alt=\"\" srcset=\"https:\/\/bahadirambalaj.com\/wp-content\/uploads\/2017\/12\/shirt_1.jpg 870w, https:\/\/bahadirambalaj.com\/wp-content\/uploads\/2017\/12\/shirt_1-270x270.jpg 270w, https:\/\/bahadirambalaj.com\/wp-content\/uploads\/2017\/12\/shirt_1-100x100.jpg 100w, https:\/\/bahadirambalaj.com\/wp-content\/uploads\/2017\/12\/shirt_1-570x570.jpg 570w, https:\/\/bahadirambalaj.com\/wp-content\/uploads\/2017\/12\/shirt_1-300x300.jpg 300w, https:\/\/bahadirambalaj.com\/wp-content\/uploads\/2017\/12\/shirt_1-150x150.jpg 150w, https:\/\/bahadirambalaj.com\/wp-content\/uploads\/2017\/12\/shirt_1-768x768.jpg 768w, https:\/\/bahadirambalaj.com\/wp-content\/uploads\/2017\/12\/shirt_1-70x70.jpg 70w, https:\/\/bahadirambalaj.com\/wp-content\/uploads\/2017\/12\/shirt_1-370x370.jpg 370w\" sizes=\"(max-width: 225px) 100vw, 225px\" \/>\t\t\t\t\t\t\t\t\t<\/div>\r\n\t\t\t\t\t\t\t\t\t<div class=\"product__item__btn\">\r\n\t\t\t\t\t\t\t\t\t\t<a href=\"?add-to-wishlist=87\" class=\"woosw-btn woosw-btn-87 woosw-btn-has-icon woosw-btn-text-icon\" data-id=\"87\" data-product_name=\"Women glan tshirt\" data-product_image=\"https:\/\/bahadirambalaj.com\/wp-content\/uploads\/2017\/12\/shirt_1-150x150.jpg\" rel=\"nofollow\" aria-label=\"Add to wishlist\"><span class=\"woosw-btn-text\">Add to wishlist<\/span><span class=\"woosw-btn-icon woosw-icon-5\"><\/span><\/a>\t\t\t\t\t\t\t\t\t\t\t<button class=\"woosq-btn woosq-btn-87 woosq-btn-has-icon woosq-btn-icon-only\" data-id=\"87\" data-effect=\"mfp-3d-unfold\" data-context=\"default\"><span class=\"woosq-btn-icon woosq-icon-1\"><\/span><\/button>\t\t\t\t\t\t\t\t\t<\/div>\r\n\t\t\t\t\t\t\t\t<\/div>\r\n\t\t\t\t\t\t\t\t<div class=\"product__item__content\">\r\n\t\t\t\t\t\t\t\t\t<div class=\"product__item__ratings\">\r\n\t\t\t\t\t\t\t\t\t\t\t\t\t\t\t\t\t\t\t<\/div>\r\n\t\t\t\t\t\t\t\t\t<h4 class=\"product__item__title\">\r\n\t\t\t\t\t\t\t\t\t\t<a href=\"https:\/\/bahadirambalaj.com\/index.php\/product\/women-glan-tshirt\/\">Women glan tshirt<\/a>\r\n\t\t\t\t\t\t\t\t\t<\/h4>\r\n\t\t\t\t\t\t\t\t\t<div class=\"product__item__price\">\n<\/div>\r\n\t\t\t\t\t\t\t\t\t<a href=\"https:\/\/bahadirambalaj.com\/index.php\/product\/women-glan-tshirt\/\" data-quantity=\"1\" class=\"button product_type_grouped thm-btn  shop-one__cart add_to_cart_button  wallox_ajax\" data-product_id=\"87\" data-product_sku=\"grouped-01\" aria-label=\"&ldquo;Women glan tshirt&rdquo; grubundaki \u00fcr\u00fcnleri g\u00f6r\u00fcnt\u00fcle\" rel=\"nofollow\">\u00dcr\u00fcnleri g\u00f6r\u00fcnt\u00fcle<\/a>\t\t\t\t\t\t\t\t<\/div>\r\n\t\t\t\t\t\t\t<\/div>\r\n\t\t\t\t\t\t<\/div>\r\n\t\t\t\t\t\t\t\t\t\t\t\t<div class=\"item\">\r\n\t\t\t\t\t\t\t<div class=\"product__item wow fadeInUp\" data-wow-duration='1500ms' data-wow-delay='000ms'>\r\n\t\t\t\t\t\t\t\t<div class=\"product__item__img\">\r\n\t\t\t\t\t\t\t\t\t<div class=\"product__item__img__item\">\r\n\t\t\t\t\t\t\t\t\t\t<img decoding=\"async\" width=\"225\" height=\"225\" src=\"https:\/\/bahadirambalaj.com\/wp-content\/uploads\/2017\/12\/02.jpg\" class=\"attachment-wallox_blog_310X225 size-wallox_blog_310X225 wp-post-image\" alt=\"\" srcset=\"https:\/\/bahadirambalaj.com\/wp-content\/uploads\/2017\/12\/02.jpg 780w, https:\/\/bahadirambalaj.com\/wp-content\/uploads\/2017\/12\/02-270x270.jpg 270w, https:\/\/bahadirambalaj.com\/wp-content\/uploads\/2017\/12\/02-100x100.jpg 100w, https:\/\/bahadirambalaj.com\/wp-content\/uploads\/2017\/12\/02-570x570.jpg 570w, https:\/\/bahadirambalaj.com\/wp-content\/uploads\/2017\/12\/02-300x300.jpg 300w, https:\/\/bahadirambalaj.com\/wp-content\/uploads\/2017\/12\/02-150x150.jpg 150w, https:\/\/bahadirambalaj.com\/wp-content\/uploads\/2017\/12\/02-768x768.jpg 768w, https:\/\/bahadirambalaj.com\/wp-content\/uploads\/2017\/12\/02-70x70.jpg 70w, https:\/\/bahadirambalaj.com\/wp-content\/uploads\/2017\/12\/02-370x370.jpg 370w\" sizes=\"(max-width: 225px) 100vw, 225px\" \/>\t\t\t\t\t\t\t\t\t<\/div>\r\n\t\t\t\t\t\t\t\t\t<div class=\"product__item__btn\">\r\n\t\t\t\t\t\t\t\t\t\t<a href=\"?add-to-wishlist=85\" class=\"woosw-btn woosw-btn-85 woosw-btn-has-icon woosw-btn-text-icon\" data-id=\"85\" data-product_name=\"Whey my protein\" data-product_image=\"https:\/\/bahadirambalaj.com\/wp-content\/uploads\/2017\/12\/02-150x150.jpg\" rel=\"nofollow\" aria-label=\"Add to wishlist\"><span class=\"woosw-btn-text\">Add to wishlist<\/span><span class=\"woosw-btn-icon woosw-icon-5\"><\/span><\/a>\t\t\t\t\t\t\t\t\t\t\t<button class=\"woosq-btn woosq-btn-85 woosq-btn-has-icon woosq-btn-icon-only\" data-id=\"85\" data-effect=\"mfp-3d-unfold\" data-context=\"default\"><span class=\"woosq-btn-icon woosq-icon-1\"><\/span><\/button>\t\t\t\t\t\t\t\t\t<\/div>\r\n\t\t\t\t\t\t\t\t<\/div>\r\n\t\t\t\t\t\t\t\t<div class=\"product__item__content\">\r\n\t\t\t\t\t\t\t\t\t<div class=\"product__item__ratings\">\r\n\t\t\t\t\t\t\t\t\t\t<div class=\"star-rating\" role=\"img\" aria-label=\"5 \u00fczerinden 4.50 oy ald\u0131\"><span style=\"width:90%\">5 \u00fczerinden <strong class=\"rating\">4.50<\/strong> oy ald\u0131<\/span><\/div>\t\t\t\t\t\t\t\t\t<\/div>\r\n\t\t\t\t\t\t\t\t\t<h4 class=\"product__item__title\">\r\n\t\t\t\t\t\t\t\t\t\t<a href=\"https:\/\/bahadirambalaj.com\/index.php\/product\/whey-my-protein\/\">Whey my protein<\/a>\r\n\t\t\t\t\t\t\t\t\t<\/h4>\r\n\t\t\t\t\t\t\t\t\t<div class=\"product__item__price\">\n\t<span class=\"price\"><span class=\"woocommerce-Price-amount amount\"><bdi><span class=\"woocommerce-Price-currencySymbol\">&#36;<\/span>20.00<\/bdi><\/span><\/span>\n<\/div>\r\n\t\t\t\t\t\t\t\t\t<a href=\"\/index.php\/wp-json\/wp\/v2\/pages\/435?add-to-cart=85\" data-quantity=\"1\" class=\"button product_type_simple add_to_cart_button thm-btn  product__all-btn add_to_cart_button ajax_add_to_cart wallox_ajax\" data-product_id=\"85\" data-product_sku=\"sale-countdown\" aria-label=\"Sepete ekle: \u201cWhey my protein\u201d\" rel=\"nofollow\">Sepete Ekle<\/a>\t\t\t\t\t\t\t\t<\/div>\r\n\t\t\t\t\t\t\t<\/div>\r\n\t\t\t\t\t\t<\/div>\r\n\t\t\t\t\t\t\t\t\t\t\t\t<div class=\"item\">\r\n\t\t\t\t\t\t\t<div class=\"product__item wow fadeInUp\" data-wow-duration='1500ms' data-wow-delay='000ms'>\r\n\t\t\t\t\t\t\t\t<div class=\"product__item__img\">\r\n\t\t\t\t\t\t\t\t\t<div class=\"product__item__img__item\">\r\n\t\t\t\t\t\t\t\t\t\t<img loading=\"lazy\" decoding=\"async\" width=\"225\" height=\"225\" src=\"https:\/\/bahadirambalaj.com\/wp-content\/uploads\/2017\/12\/05.jpg\" class=\"attachment-wallox_blog_310X225 size-wallox_blog_310X225 wp-post-image\" alt=\"\" srcset=\"https:\/\/bahadirambalaj.com\/wp-content\/uploads\/2017\/12\/05.jpg 1050w, https:\/\/bahadirambalaj.com\/wp-content\/uploads\/2017\/12\/05-270x270.jpg 270w, https:\/\/bahadirambalaj.com\/wp-content\/uploads\/2017\/12\/05-100x100.jpg 100w, https:\/\/bahadirambalaj.com\/wp-content\/uploads\/2017\/12\/05-570x570.jpg 570w, https:\/\/bahadirambalaj.com\/wp-content\/uploads\/2017\/12\/05-300x300.jpg 300w, https:\/\/bahadirambalaj.com\/wp-content\/uploads\/2017\/12\/05-1024x1024.jpg 1024w, https:\/\/bahadirambalaj.com\/wp-content\/uploads\/2017\/12\/05-150x150.jpg 150w, https:\/\/bahadirambalaj.com\/wp-content\/uploads\/2017\/12\/05-768x768.jpg 768w, https:\/\/bahadirambalaj.com\/wp-content\/uploads\/2017\/12\/05-70x70.jpg 70w, https:\/\/bahadirambalaj.com\/wp-content\/uploads\/2017\/12\/05-370x370.jpg 370w\" sizes=\"(max-width: 225px) 100vw, 225px\" \/>\t\t\t\t\t\t\t\t\t<\/div>\r\n\t\t\t\t\t\t\t\t\t<div class=\"product__item__btn\">\r\n\t\t\t\t\t\t\t\t\t\t<a href=\"?add-to-wishlist=316\" class=\"woosw-btn woosw-btn-316 woosw-btn-has-icon woosw-btn-text-icon\" data-id=\"316\" data-product_name=\"Wallbox Pulsar\" data-product_image=\"https:\/\/bahadirambalaj.com\/wp-content\/uploads\/2017\/12\/05-150x150.jpg\" rel=\"nofollow\" aria-label=\"Add to wishlist\"><span class=\"woosw-btn-text\">Add to wishlist<\/span><span class=\"woosw-btn-icon woosw-icon-5\"><\/span><\/a>\t\t\t\t\t\t\t\t\t\t\t<button class=\"woosq-btn woosq-btn-316 woosq-btn-has-icon woosq-btn-icon-only\" data-id=\"316\" data-effect=\"mfp-3d-unfold\" data-context=\"default\"><span class=\"woosq-btn-icon woosq-icon-1\"><\/span><\/button>\t\t\t\t\t\t\t\t\t<\/div>\r\n\t\t\t\t\t\t\t\t<\/div>\r\n\t\t\t\t\t\t\t\t<div class=\"product__item__content\">\r\n\t\t\t\t\t\t\t\t\t<div class=\"product__item__ratings\">\r\n\t\t\t\t\t\t\t\t\t\t<div class=\"star-rating\" role=\"img\" aria-label=\"5 \u00fczerinden 5.00 oy ald\u0131\"><span style=\"width:100%\">5 \u00fczerinden <strong class=\"rating\">5.00<\/strong> oy ald\u0131<\/span><\/div>\t\t\t\t\t\t\t\t\t<\/div>\r\n\t\t\t\t\t\t\t\t\t<h4 class=\"product__item__title\">\r\n\t\t\t\t\t\t\t\t\t\t<a href=\"https:\/\/bahadirambalaj.com\/index.php\/product\/wallbox-pulsar\/\">Wallbox Pulsar<\/a>\r\n\t\t\t\t\t\t\t\t\t<\/h4>\r\n\t\t\t\t\t\t\t\t\t<div class=\"product__item__price\">\n\t<span class=\"price\"><del aria-hidden=\"true\"><span class=\"woocommerce-Price-amount amount\"><bdi><span class=\"woocommerce-Price-currencySymbol\">&#36;<\/span>30.00<\/bdi><\/span><\/del> <span class=\"screen-reader-text\">Orijinal fiyat: &#036;30.00.<\/span><ins aria-hidden=\"true\"><span class=\"woocommerce-Price-amount amount\"><bdi><span class=\"woocommerce-Price-currencySymbol\">&#36;<\/span>20.00<\/bdi><\/span><\/ins><span class=\"screen-reader-text\">\u015eu andaki fiyat: &#036;20.00.<\/span><\/span>\n<\/div>\r\n\t\t\t\t\t\t\t\t\t<a href=\"\/index.php\/wp-json\/wp\/v2\/pages\/435?add-to-cart=316\" data-quantity=\"1\" class=\"button product_type_simple add_to_cart_button thm-btn  product__all-btn add_to_cart_button ajax_add_to_cart wallox_ajax\" data-product_id=\"316\" data-product_sku=\"\" aria-label=\"Sepete ekle: \u201cWallbox Pulsar\u201d\" rel=\"nofollow\">Sepete Ekle<\/a>\t\t\t\t\t\t\t\t<\/div>\r\n\t\t\t\t\t\t\t<\/div>\r\n\t\t\t\t\t\t<\/div>\r\n\t\t\t\t\t\t\t\t\t\t\t\t<div class=\"item\">\r\n\t\t\t\t\t\t\t<div class=\"product__item wow fadeInUp\" data-wow-duration='1500ms' data-wow-delay='000ms'>\r\n\t\t\t\t\t\t\t\t<div class=\"product__item__img\">\r\n\t\t\t\t\t\t\t\t\t<div class=\"product__item__img__item\">\r\n\t\t\t\t\t\t\t\t\t\t<img loading=\"lazy\" decoding=\"async\" width=\"310\" height=\"225\" src=\"https:\/\/bahadirambalaj.com\/wp-content\/uploads\/2024\/08\/shop-05-310x225.jpg\" class=\"attachment-wallox_blog_310X225 size-wallox_blog_310X225 wp-post-image\" alt=\"\" \/>\t\t\t\t\t\t\t\t\t<\/div>\r\n\t\t\t\t\t\t\t\t\t<div class=\"product__item__btn\">\r\n\t\t\t\t\t\t\t\t\t\t<a href=\"?add-to-wishlist=306\" class=\"woosw-btn woosw-btn-306 woosw-btn-has-icon woosw-btn-text-icon\" data-id=\"306\" data-product_name=\"wall stickers\" data-product_image=\"https:\/\/bahadirambalaj.com\/wp-content\/uploads\/2024\/08\/shop-05-150x150.jpg\" rel=\"nofollow\" aria-label=\"Add to wishlist\"><span class=\"woosw-btn-text\">Add to wishlist<\/span><span class=\"woosw-btn-icon woosw-icon-5\"><\/span><\/a>\t\t\t\t\t\t\t\t\t\t\t<button class=\"woosq-btn woosq-btn-306 woosq-btn-has-icon woosq-btn-icon-only\" data-id=\"306\" data-effect=\"mfp-3d-unfold\" data-context=\"default\"><span class=\"woosq-btn-icon woosq-icon-1\"><\/span><\/button>\t\t\t\t\t\t\t\t\t<\/div>\r\n\t\t\t\t\t\t\t\t<\/div>\r\n\t\t\t\t\t\t\t\t<div class=\"product__item__content\">\r\n\t\t\t\t\t\t\t\t\t<div class=\"product__item__ratings\">\r\n\t\t\t\t\t\t\t\t\t\t<div class=\"star-rating\" role=\"img\" aria-label=\"5 \u00fczerinden 5.00 oy ald\u0131\"><span style=\"width:100%\">5 \u00fczerinden <strong class=\"rating\">5.00<\/strong> oy ald\u0131<\/span><\/div>\t\t\t\t\t\t\t\t\t<\/div>\r\n\t\t\t\t\t\t\t\t\t<h4 class=\"product__item__title\">\r\n\t\t\t\t\t\t\t\t\t\t<a href=\"https:\/\/bahadirambalaj.com\/index.php\/product\/wall-stickers\/\">wall stickers<\/a>\r\n\t\t\t\t\t\t\t\t\t<\/h4>\r\n\t\t\t\t\t\t\t\t\t<div class=\"product__item__price\">\n\t<span class=\"price\"><del aria-hidden=\"true\"><span class=\"woocommerce-Price-amount amount\"><bdi><span class=\"woocommerce-Price-currencySymbol\">&#36;<\/span>30.00<\/bdi><\/span><\/del> <span class=\"screen-reader-text\">Orijinal fiyat: &#036;30.00.<\/span><ins aria-hidden=\"true\"><span class=\"woocommerce-Price-amount amount\"><bdi><span class=\"woocommerce-Price-currencySymbol\">&#36;<\/span>20.00<\/bdi><\/span><\/ins><span class=\"screen-reader-text\">\u015eu andaki fiyat: &#036;20.00.<\/span><\/span>\n<\/div>\r\n\t\t\t\t\t\t\t\t\t<a href=\"\/index.php\/wp-json\/wp\/v2\/pages\/435?add-to-cart=306\" data-quantity=\"1\" class=\"button product_type_simple add_to_cart_button thm-btn  product__all-btn add_to_cart_button ajax_add_to_cart wallox_ajax\" data-product_id=\"306\" data-product_sku=\"\" aria-label=\"Sepete ekle: \u201cwall stickers\u201d\" rel=\"nofollow\">Sepete Ekle<\/a>\t\t\t\t\t\t\t\t<\/div>\r\n\t\t\t\t\t\t\t<\/div>\r\n\t\t\t\t\t\t<\/div>\r\n\t\t\t\t\t\t\t\t\t\t\t<\/div>\r\n\t\t\t\t<\/div>\r\n\t\t\t<\/div>\r\n\t\t<\/div>\r\n\t<\/section>\r\n\t\t\t\t<\/div>\n\t\t\t\t<\/div>\n\t\t\t\t<\/div>\n\t\t\t\t<\/div>\n\t\t","protected":false},"excerpt":{"rendered":"<p>Add to wishlist Rated 5.00 out of 5 Wallbox Pulsar &#36;30.00 Original price was: &#036;30.00.&#36;20.00Current price is: &#036;20.00. Add to cart Add to wishlist Rated 5.00 out of 5 wall stickers &#36;30.00 Original price was: &#036;30.00.&#36;20.00Current price is: &#036;20.00. Add to cart Add to wishlist Rated 5.00 out of 5 Tech Toys (Copy) &#36;30.00 Original [&hellip;]<\/p>\n","protected":false},"author":1,"featured_media":0,"parent":0,"menu_order":0,"comment_status":"closed","ping_status":"closed","template":"elementor_header_footer","meta":{"footnotes":""},"class_list":["post-435","page","type-page","status-publish","hentry"],"_links":{"self":[{"href":"https:\/\/bahadirambalaj.com\/index.php\/wp-json\/wp\/v2\/pages\/435","targetHints":{"allow":["GET"]}}],"collection":[{"href":"https:\/\/bahadirambalaj.com\/index.php\/wp-json\/wp\/v2\/pages"}],"about":[{"href":"https:\/\/bahadirambalaj.com\/index.php\/wp-json\/wp\/v2\/types\/page"}],"author":[{"embeddable":true,"href":"https:\/\/bahadirambalaj.com\/index.php\/wp-json\/wp\/v2\/users\/1"}],"replies":[{"embeddable":true,"href":"https:\/\/bahadirambalaj.com\/index.php\/wp-json\/wp\/v2\/comments?post=435"}],"version-history":[{"count":0,"href":"https:\/\/bahadirambalaj.com\/index.php\/wp-json\/wp\/v2\/pages\/435\/revisions"}],"wp:attachment":[{"href":"https:\/\/bahadirambalaj.com\/index.php\/wp-json\/wp\/v2\/media?parent=435"}],"curies":[{"name":"wp","href":"https:\/\/api.w.org\/{rel}","templated":true}]}}